
{"id":5526,"date":"2023-04-25T07:07:20","date_gmt":"2023-04-25T07:07:20","guid":{"rendered":"https:\/\/apsinternational.com\/agentenstandorte\/"},"modified":"2023-10-03T23:06:24","modified_gmt":"2023-10-03T23:06:24","slug":"agentenstandorte","status":"publish","type":"page","link":"https:\/\/apsinternational.com\/de\/agentenstandorte\/","title":{"rendered":"Agentenstandorte"},"content":{"rendered":"\t\t<div data-elementor-type=\"wp-page\" data-elementor-id=\"5526\" class=\"elementor elementor-5526 elementor-5097\" data-elementor-post-type=\"page\">\n\t\t\t\t\t\t<section class=\"has_eae_slider elementor-section elementor-top-section elementor-element elementor-element-2aedc32 elementor-section-height-min-height elementor-section-content-middle elementor-section-boxed elementor-section-height-default elementor-section-items-middle\" data-eae-slider=\"47506\" data-id=\"2aedc32\" data-element_type=\"section\" data-e-type=\"section\" data-settings=\"{&quot;background_background&quot;:&quot;classic&quot;,&quot;shape_divider_bottom&quot;:&quot;triangle&quot;}\">\n\t\t\t\t\t\t\t<div class=\"elementor-background-overlay\"><\/div>\n\t\t\t\t\t\t<div class=\"elementor-shape elementor-shape-bottom\" aria-hidden=\"true\" data-negative=\"false\">\n\t\t\t<svg xmlns=\"http:\/\/www.w3.org\/2000\/svg\" viewBox=\"0 0 1000 100\" preserveAspectRatio=\"none\">\n\t<path class=\"elementor-shape-fill\" d=\"M500,98.9L0,6.1V0h1000v6.1L500,98.9z\"\/>\n<\/svg>\t\t<\/div>\n\t\t\t\t\t<div class=\"elementor-container elementor-column-gap-no\">\n\t\t\t\t\t<div class=\"has_eae_slider elementor-column elementor-col-50 elementor-top-column elementor-element elementor-element-d03cf12\" data-eae-slider=\"67011\" data-id=\"d03cf12\" data-element_type=\"column\" data-e-type=\"column\">\n\t\t\t<div class=\"elementor-widget-wrap elementor-element-populated\">\n\t\t\t\t\t\t<div class=\"elementor-element elementor-element-5df4314 elementor-widget elementor-widget-heading\" data-id=\"5df4314\" data-element_type=\"widget\" data-e-type=\"widget\" data-widget_type=\"heading.default\">\n\t\t\t\t<div class=\"elementor-widget-container\">\n\t\t\t\t\t<h1 class=\"elementor-heading-title elementor-size-default\">Agentenstandorte<\/h1>\t\t\t\t<\/div>\n\t\t\t\t<\/div>\n\t\t\t\t\t<\/div>\n\t\t<\/div>\n\t\t\t\t<div class=\"has_eae_slider elementor-column elementor-col-50 elementor-top-column elementor-element elementor-element-a15cf65\" data-eae-slider=\"8994\" data-id=\"a15cf65\" data-element_type=\"column\" data-e-type=\"column\">\n\t\t\t<div class=\"elementor-widget-wrap\">\n\t\t\t\t\t\t\t<\/div>\n\t\t<\/div>\n\t\t\t\t\t<\/div>\n\t\t<\/section>\n\t\t\t\t<section class=\"has_eae_slider elementor-section elementor-top-section elementor-element elementor-element-91b966a elementor-section-boxed elementor-section-height-default elementor-section-height-default\" data-eae-slider=\"78078\" data-id=\"91b966a\" data-element_type=\"section\" data-e-type=\"section\">\n\t\t\t\t\t\t<div class=\"elementor-container elementor-column-gap-no\">\n\t\t\t\t\t<div class=\"has_eae_slider elementor-column elementor-col-100 elementor-top-column elementor-element elementor-element-e334acb\" data-eae-slider=\"22453\" data-id=\"e334acb\" data-element_type=\"column\" data-e-type=\"column\">\n\t\t\t<div class=\"elementor-widget-wrap elementor-element-populated\">\n\t\t\t\t\t\t<div class=\"elementor-element elementor-element-ad201f7 elementor-widget elementor-widget-heading\" data-id=\"ad201f7\" data-element_type=\"widget\" data-e-type=\"widget\" data-widget_type=\"heading.default\">\n\t\t\t\t<div class=\"elementor-widget-container\">\n\t\t\t\t\t<h4 class=\"elementor-heading-title elementor-size-default\">Sie k\u00f6nnen Ihre APS-Geld\u00fcberweisungen von unserem unten aufgef\u00fchrten Agentennetzwerk erhalten.<\/h4>\t\t\t\t<\/div>\n\t\t\t\t<\/div>\n\t\t\t\t<div class=\"elementor-element elementor-element-ffb7dfa elementor-widget elementor-widget-elementskit-tablepress\" data-id=\"ffb7dfa\" data-element_type=\"widget\" data-e-type=\"widget\" data-widget_type=\"elementskit-tablepress.default\">\n\t\t\t\t<div class=\"elementor-widget-container\">\n\t\t\t\t\t<div class=\"elemenetskit-tablepress ekit-wid-con\" id=\"ekit_tablepress_ffb7dfa\">\n<table id=\"tablepress-1\" class=\"tablepress tablepress-id-1\">\n<thead>\n<tr class=\"row-1\">\n\t<th class=\"column-1\">TOWN\/VILLAGE<\/th><th class=\"column-2\">REGION<\/th><th class=\"column-3\">AGENT<\/th><th class=\"column-4\">LOCATION<\/th><th class=\"column-5\">TELEPHONE<\/th><th class=\"column-6\">OPENING TIMES<\/th><th class=\"column-7\">SUNDAY OPENING TIMES<\/th>\n<\/tr>\n<\/thead>\n<tbody class=\"row-striping row-hover\">\n<tr class=\"row-2\">\n\t<td class=\"column-1\">BRIKAMA-BA<\/td><td class=\"column-2\">CRR<\/td><td class=\"column-3\">Brikama Ba Agent<\/td><td class=\"column-4\">Near the old market<\/td><td class=\"column-5\">7990506<\/td><td class=\"column-6\">Mon- Sat: 9am - 5pm<\/td><td class=\"column-7\">SUNDAY: CLOSED!<\/td>\n<\/tr>\n<tr class=\"row-3\">\n\t<td class=\"column-1\">KANIFING ESTATE<\/td><td class=\"column-2\">KMC<\/td><td class=\"column-3\">Hijab Muslima Boutique<\/td><td class=\"column-4\">  Jimpex opposite NEA<\/td><td class=\"column-5\">7938860<\/td><td class=\"column-6\">Mon- Sat: 9am - 5pm<\/td><td class=\"column-7\">SUNDAY: CLOSED!<\/td>\n<\/tr>\n<tr class=\"row-4\">\n\t<td class=\"column-1\">SERRE KUNDA<\/td><td class=\"column-2\">KMC<\/td><td class=\"column-3\">JAGANA KUNDA FINANCIAL SERVICE<\/td><td class=\"column-4\">Serre Kunda - near Brikama Garage<\/td><td class=\"column-5\">7800610<\/td><td class=\"column-6\">Mon-Sat: 8:30am - 6:30pm<\/td><td class=\"column-7\">SUNDAY: CLOSED!<\/td>\n<\/tr>\n<tr class=\"row-5\">\n\t<td class=\"column-1\">JALANGBEREH<\/td><td class=\"column-2\">LRR<\/td><td class=\"column-3\">Jalangbereh Agent<\/td><td class=\"column-4\">Opposite the mosque<\/td><td class=\"column-5\">7505642<\/td><td class=\"column-6\">Mon - Sat: 9am - 5pm<\/td><td class=\"column-7\">SUNDAY CLOSED!<\/td>\n<\/tr>\n<tr class=\"row-6\">\n\t<td class=\"column-1\">AMDALIE<\/td><td class=\"column-2\">NBR<\/td><td class=\"column-3\">Amdallai Agent<\/td><td class=\"column-4\">Near the market<\/td><td class=\"column-5\">3983651<\/td><td class=\"column-6\">Mon - Sat: 9am - 5pm<\/td><td class=\"column-7\">SUNDAY: CLOSED!<\/td>\n<\/tr>\n<tr class=\"row-7\">\n\t<td class=\"column-1\">JUFFUREH \/ ALBREDA<\/td><td class=\"column-2\">NBR<\/td><td class=\"column-3\">OSI CONNECTION<\/td><td class=\"column-4\"> Near the Police Station<\/td><td class=\"column-5\">2146104 \/ 7976565<\/td><td class=\"column-6\">Mon - Sat: 9am - 6pm<\/td><td class=\"column-7\">Sat: 2pm - 6pm<\/td>\n<\/tr>\n<tr class=\"row-8\">\n\t<td class=\"column-1\">MBOLLET BA<\/td><td class=\"column-2\">NBR<\/td><td class=\"column-3\">Mbollet Ba Agent<\/td><td class=\"column-4\">Mbollet Ba<\/td><td class=\"column-5\">7514580<\/td><td class=\"column-6\">Mon - Sat: 9am - 5pm<\/td><td class=\"column-7\">SUNDAY CLOSED!<\/td>\n<\/tr>\n<tr class=\"row-9\">\n\t<td class=\"column-1\">SALIKENNI<\/td><td class=\"column-2\">NBR<\/td><td class=\"column-3\">Salikenni Agent<\/td><td class=\"column-4\">Near the small market<\/td><td class=\"column-5\">7738311<\/td><td class=\"column-6\">Mon - Sat: 9am - 5pm<\/td><td class=\"column-7\">SUNDAY CLOSED!<\/td>\n<\/tr>\n<tr class=\"row-10\">\n\t<td class=\"column-1\">BANTUNDING VILLAGE<\/td><td class=\"column-2\">URR<\/td><td class=\"column-3\">Wally Kunda<\/td><td class=\"column-4\">Near the Bantaba<\/td><td class=\"column-5\">7369510<\/td><td class=\"column-6\">Mon - Sat: 8:30am - 5pm<\/td><td class=\"column-7\">SUNDAY CLOSED!<\/td>\n<\/tr>\n<tr class=\"row-11\">\n\t<td class=\"column-1\">DEMBA KUNDA<\/td><td class=\"column-2\">URR<\/td><td class=\"column-3\">Demba  Kunda Agent<\/td><td class=\"column-4\">Near Kanbankura Bantaba<\/td><td class=\"column-5\">5053089<\/td><td class=\"column-6\">Mon - Su: 8am -8pm<\/td><td class=\"column-7\">SUNDAY CLOSED!<\/td>\n<\/tr>\n<tr class=\"row-12\">\n\t<td class=\"column-1\">DINGIRI<\/td><td class=\"column-2\">URR<\/td><td class=\"column-3\">Dingiri   Agent<\/td><td class=\"column-4\">Opposite the mosque<\/td><td class=\"column-5\">3343042<\/td><td class=\"column-6\">Mon - Sat: 9am - 5pm<\/td><td class=\"column-7\">SUNDAY CLOSED!<\/td>\n<\/tr>\n<tr class=\"row-13\">\n\t<td class=\"column-1\">FASS BAJONG<\/td><td class=\"column-2\">URR<\/td><td class=\"column-3\">Fass Bajong Agent<\/td><td class=\"column-4\">Near the village mosque<\/td><td class=\"column-5\">3257474<\/td><td class=\"column-6\">Mon - Sat: 9am - 5pm<\/td><td class=\"column-7\">SUNDAY CLOSED!<\/td>\n<\/tr>\n<tr class=\"row-14\">\n\t<td class=\"column-1\">GAMBISSARA<\/td><td class=\"column-2\">URR<\/td><td class=\"column-3\">Gambissara   Agent<\/td><td class=\"column-4\">Gambissara<\/td><td class=\"column-5\">7738161<\/td><td class=\"column-6\">Mon - Sat: 9am - 5pm<\/td><td class=\"column-7\">SUNDAY CLOSED!<\/td>\n<\/tr>\n<tr class=\"row-15\">\n\t<td class=\"column-1\">GARAWOL<\/td><td class=\"column-2\">URR<\/td><td class=\"column-3\">Garawol Agent<\/td><td class=\"column-4\">Near the central mosque<\/td><td class=\"column-5\">7010670<\/td><td class=\"column-6\">Mon - Sat: 9am - 5pm<\/td><td class=\"column-7\">SUNDAY CLOSED!<\/td>\n<\/tr>\n<tr class=\"row-16\">\n\t<td class=\"column-1\">KULARI<\/td><td class=\"column-2\">URR<\/td><td class=\"column-3\">Kulari Agent<\/td><td class=\"column-4\">Near Kulari Bus Shop<\/td><td class=\"column-5\">7825010<\/td><td class=\"column-6\">Mon - Sun: 9:30am - 8pm<\/td><td class=\"column-7\">SUNDAY CLOSED!<\/td>\n<\/tr>\n<tr class=\"row-17\">\n\t<td class=\"column-1\">MISERABA MARIAMA<\/td><td class=\"column-2\">URR<\/td><td class=\"column-3\">Miseraba Mariama Agent<\/td><td class=\"column-4\">Opp. Madrassa Abubacar in Kaira Kunda<\/td><td class=\"column-5\">7776131<\/td><td class=\"column-6\">Mon - Sat: 9am - 5pm<\/td><td class=\"column-7\">SUNDAY CLOSED!<\/td>\n<\/tr>\n<tr class=\"row-18\">\n\t<td class=\"column-1\">NUMUYEL<\/td><td class=\"column-2\">URR<\/td><td class=\"column-3\">Numuyel   Agent<\/td><td class=\"column-4\">At the market<\/td><td class=\"column-5\">9824804<\/td><td class=\"column-6\">Mon - Sat: 9am - 5pm<\/td><td class=\"column-7\">SUNDAY CLOSED!<\/td>\n<\/tr>\n<tr class=\"row-19\">\n\t<td class=\"column-1\">SABI<\/td><td class=\"column-2\">URR<\/td><td class=\"column-3\">Sabi Agent<\/td><td class=\"column-4\">Inside the Lumo (village market)<\/td><td class=\"column-5\">2255941<\/td><td class=\"column-6\">Mon - Sat: 9am - 5pm<\/td><td class=\"column-7\">SUNDAY CLOSED!<\/td>\n<\/tr>\n<tr class=\"row-20\">\n\t<td class=\"column-1\">BRUFUT<\/td><td class=\"column-2\">WCR<\/td><td class=\"column-3\">Brufut Agent<\/td><td class=\"column-4\">Jimbo Junction before junction Baa<\/td><td class=\"column-5\">7459407<\/td><td class=\"column-6\">Mon-Sat: 8am - 5pm<\/td><td class=\"column-7\">SUNDAY: CLOSED!<\/td>\n<\/tr>\n<tr class=\"row-21\">\n\t<td class=\"column-1\">BRUSUBI PHASE 2<\/td><td class=\"column-2\">WCR<\/td><td class=\"column-3\">Brusubi  Phase 2 Agent<\/td><td class=\"column-4\">Anna Marie Junction<\/td><td class=\"column-5\">2164768<\/td><td class=\"column-6\">Mon - Sat: 8am - 5pm<\/td><td class=\"column-7\">SUNDAY: CLOSED!<\/td>\n<\/tr>\n<tr class=\"row-22\">\n\t<td class=\"column-1\">COASTAL ROAD <\/td><td class=\"column-2\">WCR<\/td><td class=\"column-3\">JAGANA KUNDA FINANCIAL SERVICE<\/td><td class=\"column-4\">Nema 5 Junction, Coatal Road<\/td><td class=\"column-5\">7800610<\/td><td class=\"column-6\">Mon - Sat: 8:30am - 6:30pm<\/td><td class=\"column-7\">SUNDAY: CLOSED!<\/td>\n<\/tr>\n<tr class=\"row-23\">\n\t<td class=\"column-1\">GUNJUR<\/td><td class=\"column-2\">WCR<\/td><td class=\"column-3\">OSI CONNECTION<\/td><td class=\"column-4\">Near Gunjur Upper Basic School<\/td><td class=\"column-5\">2200926  \/ 7976565<\/td><td class=\"column-6\">Mon - Sun: 8am - 6:30pm<\/td><td class=\"column-7\">SUNDAY: CLOSED!<\/td>\n<\/tr>\n<tr class=\"row-24\">\n\t<td class=\"column-1\">JAMBANJELLY<\/td><td class=\"column-2\">WCR<\/td><td class=\"column-3\">Jambanjelly Agent<\/td><td class=\"column-4\">Near Jambanjelly Central Mosque<\/td><td class=\"column-5\">2442486<\/td><td class=\"column-6\">Mon - Fri: 8am - 4pm<\/td><td class=\"column-7\">SUNDAY: CLOSED!<\/td>\n<\/tr>\n<tr class=\"row-25\">\n\t<td class=\"column-1\">LAMIN KEREWAN<\/td><td class=\"column-2\">WCR<\/td><td class=\"column-3\">Space Multi-Services<\/td><td class=\"column-4\"> Adjacent to UDP Bureau<\/td><td class=\"column-5\">3953659\/ 7243660<\/td><td class=\"column-6\">Mon - Sun: 9am - 10pm<\/td><td class=\"column-7\">SUNDAY: CLOSED!<\/td>\n<\/tr>\n<tr class=\"row-26\">\n\t<td class=\"column-1\">SANYANG<\/td><td class=\"column-2\">WCR<\/td><td class=\"column-3\">Sanyang Agent<\/td><td class=\"column-4\">Near NAWEC<\/td><td class=\"column-5\">7259647<\/td><td class=\"column-6\">Mon-Fri: 8:30am - 7:30pm<\/td><td class=\"column-7\">Sat: 9am -7pm, Sun: 9am -5pm<\/td>\n<\/tr>\n<tr class=\"row-27\">\n\t<td class=\"column-1\">TANJI<\/td><td class=\"column-2\">WCR<\/td><td class=\"column-3\">Tanji Agent<\/td><td class=\"column-4\">Near Sankung's Pharmacy<\/td><td class=\"column-5\">3833392<\/td><td class=\"column-6\">Mon-Fri: 8:30am - 7:30pm<\/td><td class=\"column-7\">Sat: 9am -7pm, Sun: 9am -5pm<\/td>\n<\/tr>\n<tr class=\"row-28\">\n\t<td class=\"column-1\">YUNDUM<\/td><td class=\"column-2\">WCR<\/td><td class=\"column-3\">JAGANA KUNDA FINANCIAL SERVICE<\/td><td class=\"column-4\">Last junction before Busumbala<\/td><td class=\"column-5\">7800610<\/td><td class=\"column-6\">Mon-Sat: 8:30am - 6:30pm<\/td><td class=\"column-7\">SUNDAY: CLOSED!<\/td>\n<\/tr>\n<\/tbody>\n<\/table>\n<!-- #tablepress-1 from cache --><\/div>\t\t\t\t<\/div>\n\t\t\t\t<\/div>\n\t\t\t\t\t<\/div>\n\t\t<\/div>\n\t\t\t\t\t<\/div>\n\t\t<\/section>\n\t\t\t\t<\/div>\n\t\t","protected":false},"excerpt":{"rendered":"<p>Agentenstandorte Sie k\u00f6nnen Ihre APS-Geld\u00fcberweisungen von unserem unten aufgef\u00fchrten Agentennetzwerk erhalten. Edit TOWN\/VILLAGE REGION AGENT LOCATION TELEPHONE OPENING TIMES SUNDAY OPENING TIMES BANJUL BCC Easy Financial Services 2B Clarkson Street 5377008 Mon &#8211; Sat: 9AM-6PM SUNDAY: CLOSED! BANJUL BCC J-Fin Financial Services 3 Independence Drive 3990073 Mon- Sat: 8am &#8211; 6pm SUNDAY: CLOSED! BANSANG CRR [&hellip;]<\/p>\n","protected":false},"author":1,"featured_media":0,"parent":0,"menu_order":0,"comment_status":"closed","ping_status":"closed","template":"elementor_header_footer","meta":{"_acf_changed":false,"inline_featured_image":false,"footnotes":""},"class_list":["post-5526","page","type-page","status-publish","hentry"],"acf":[],"_links":{"self":[{"href":"https:\/\/apsinternational.com\/de\/wp-json\/wp\/v2\/pages\/5526","targetHints":{"allow":["GET"]}}],"collection":[{"href":"https:\/\/apsinternational.com\/de\/wp-json\/wp\/v2\/pages"}],"about":[{"href":"https:\/\/apsinternational.com\/de\/wp-json\/wp\/v2\/types\/page"}],"author":[{"embeddable":true,"href":"https:\/\/apsinternational.com\/de\/wp-json\/wp\/v2\/users\/1"}],"replies":[{"embeddable":true,"href":"https:\/\/apsinternational.com\/de\/wp-json\/wp\/v2\/comments?post=5526"}],"version-history":[{"count":3,"href":"https:\/\/apsinternational.com\/de\/wp-json\/wp\/v2\/pages\/5526\/revisions"}],"predecessor-version":[{"id":5533,"href":"https:\/\/apsinternational.com\/de\/wp-json\/wp\/v2\/pages\/5526\/revisions\/5533"}],"wp:attachment":[{"href":"https:\/\/apsinternational.com\/de\/wp-json\/wp\/v2\/media?parent=5526"}],"curies":[{"name":"wp","href":"https:\/\/api.w.org\/{rel}","templated":true}]}}