
{"id":5700,"date":"2022-05-23T13:50:45","date_gmt":"2022-05-23T13:50:45","guid":{"rendered":"https:\/\/apsinternational.com\/beschwerderichtlinie\/"},"modified":"2024-01-15T11:17:44","modified_gmt":"2024-01-15T11:17:44","slug":"beschwerderichtlinie","status":"publish","type":"page","link":"https:\/\/apsinternational.com\/de\/beschwerderichtlinie\/","title":{"rendered":"Beschwerderichtlinie"},"content":{"rendered":"\t\t<div data-elementor-type=\"wp-page\" data-elementor-id=\"5700\" class=\"elementor elementor-5700 elementor-4214\" data-elementor-post-type=\"page\">\n\t\t\t\t\t\t<section class=\"has_eae_slider elementor-section elementor-top-section elementor-element elementor-element-93240bf elementor-section-content-middle elementor-section-boxed elementor-section-height-default elementor-section-height-default\" data-eae-slider=\"48588\" data-id=\"93240bf\" data-element_type=\"section\" data-e-type=\"section\">\n\t\t\t\t\t\t<div class=\"elementor-container elementor-column-gap-no\">\n\t\t\t\t\t<div class=\"has_eae_slider elementor-column elementor-col-100 elementor-top-column elementor-element elementor-element-1ea7d56\" data-eae-slider=\"91072\" data-id=\"1ea7d56\" data-element_type=\"column\" data-e-type=\"column\">\n\t\t\t<div class=\"elementor-widget-wrap elementor-element-populated\">\n\t\t\t\t\t\t<div class=\"elementor-element elementor-element-b0edc67 elementor-widget elementor-widget-heading\" data-id=\"b0edc67\" data-element_type=\"widget\" data-e-type=\"widget\" data-widget_type=\"heading.default\">\n\t\t\t\t<div class=\"elementor-widget-container\">\n\t\t\t\t\t<h1 class=\"elementor-heading-title elementor-size-default\">APS-Beschwerderichtlinie<\/h1>\t\t\t\t<\/div>\n\t\t\t\t<\/div>\n\t\t\t\t<div class=\"elementor-element elementor-element-2070d94 elementor-widget elementor-widget-text-editor\" data-id=\"2070d94\" data-element_type=\"widget\" data-e-type=\"widget\" data-widget_type=\"text-editor.default\">\n\t\t\t\t<div class=\"elementor-widget-container\">\n\t\t\t\t\t\t\t\t\t<p>Unser Unternehmen ist bestrebt, einen effizienten und professionellen Service zu bieten. Unser Ziel ist es, auf jede Kontaktaufnahme eines Mitglieds der \u00d6ffentlichkeit zeitnah, h\u00f6flich, hilfsbereit, offen und informativ zu beraten. Wir sind immer daran interessiert, die Meinungen unserer Kunden, insbesondere der breiten \u00d6ffentlichkeit, zu unserer Leistung im Allgemeinen zu h\u00f6ren \u2013 was wir richtig und was wir falsch machen.<\/p>\n<p>Von Zeit zu Zeit kann es passieren, dass etwas schief geht und wir die Servicestandards, die wir uns gesetzt haben, nicht erf\u00fcllen k\u00f6nnen. Solche F\u00e4lle, die uns von Kunden gemeldet werden, bieten uns die M\u00f6glichkeit, Abhilfe zu schaffen und aus unseren Fehlern zu lernen.<\/p>\n<p>Eine Beschwerde einreichen<br \/>\nSie k\u00f6nnen eine Beschwerde schriftlich per Brief, per Fax, E-Mail oder telefonisch einreichen. Wir verlangen von Kunden, die Beschwerden per E-Mail senden, entweder eine Bitte um eine E-Mail-Antwort oder die Angabe einer Telefonnummer oder vollst\u00e4ndigen Postanschrift.<br \/>\nAbh\u00e4ngig von der Art oder Kategorie Ihrer Beschwerde kann es ausreichend sein, sich an den Mitarbeiter zu richten, an den Sie Ihre Beschwerde weitergeleitet haben. Andernfalls entscheidet der benannte Beschwerdebeauftragte, in welche Kategorie Ihre Beschwerde f\u00e4llt, damit sie von den berechtigten Personen bearbeitet werden kann.<\/p>\n<p>Wenn Sie mit Ihrer Beschwerde weiterhin unzufrieden sind, k\u00f6nnen Sie Ihre Beschwerde m\u00f6glicherweise an den Financial Ombudsman Service (FOS) weiterleiten.<\/p>\n\t\t\t\t\t\t\t\t<\/div>\n\t\t\t\t<\/div>\n\t\t\t\t<div class=\"elementor-element elementor-element-0954703 elementor-widget elementor-widget-text-editor\" data-id=\"0954703\" data-element_type=\"widget\" data-e-type=\"widget\" data-widget_type=\"text-editor.default\">\n\t\t\t\t<div class=\"elementor-widget-container\">\n\t\t\t\t\t\t\t\t\t<table>\n<tbody>\n<tr>\n<td>\n<p><b>COUNTRY<\/b><\/p>\n<\/td>\n<td>\n<p><b>GENERAL COMPLAINTS BOARD WEBSITE\u00a0<\/b><\/p>\n<\/td>\n<td>\n<p><b>PHONE NUMBER<\/b><\/p>\n<\/td>\n<\/tr>\n<tr>\n<td>\n<p><span style=\"font-weight: 400;\">Austria<\/span><\/p>\n<\/td>\n<td>\n<p><a href=\"http:\/\/www.sozialministerium.at\/\" target=\"_blank\" rel=\"noopener\"><span style=\"font-weight: 400;\">www.sozialministerium.at<\/span><\/a><\/p>\n<\/td>\n<td>\n<p><span style=\"font-weight: 400;\">+43 1 71100 \u2013 0<\/span><\/p>\n<\/td>\n<\/tr>\n<tr>\n<td>\n<p><span style=\"font-weight: 400;\">\u00a0<\/span><\/p>\n<\/td>\n<td>\n<p><span style=\"font-weight: 400;\">www.verbraucherschlichtung.at<\/span><\/p>\n<\/td>\n<td>\n<p><span style=\"font-weight: 400;\">+43 (0)1 890 63 11<\/span><\/p>\n<\/td>\n<\/tr>\n<tr>\n<td>\n<p><span style=\"font-weight: 400;\">Belgium<\/span><\/p>\n<\/td>\n<td>\n<p><a href=\"http:\/\/www.beuc.eu\/\" target=\"_blank\" rel=\"noopener\"><span style=\"font-weight: 400;\">www.beuc.eu<\/span><\/a><\/p>\n<\/td>\n<td>\n<p><span style=\"font-weight: 400;\">+32 2 743 15 90<\/span><\/p>\n<\/td>\n<\/tr>\n<tr>\n<td>\n<p><span style=\"font-weight: 400;\">\u00a0<\/span><\/p>\n<\/td>\n<td>\n<p><a href=\"http:\/\/www.eccbelgium.be\/\" target=\"_blank\" rel=\"noopener\"><span style=\"font-weight: 400;\">www.eccbelgium.be<\/span><\/a><\/p>\n<\/td>\n<td>\n<p><span style=\"font-weight: 400;\">+32 2 542 33 46<\/span><\/p>\n<\/td>\n<\/tr>\n<tr>\n<td>\n<p><span style=\"font-weight: 400;\">Cyprus<\/span><\/p>\n<\/td>\n<td>\n<p><a href=\"http:\/\/www.consumer.gov.cy\/\" target=\"_blank\" rel=\"noopener\"><span style=\"font-weight: 400;\">http:\/\/www.consumer.gov.cy\/<\/span><\/a><\/p>\n<\/td>\n<td>\n<p><span style=\"font-weight: 400;\">1429<\/span><\/p>\n<\/td>\n<\/tr>\n<tr>\n<td>\n<p><span style=\"font-weight: 400;\">Denmark<\/span><\/p>\n<\/td>\n<td>\n<p><a href=\"http:\/\/www.en.kfst.dk\/\" target=\"_blank\" rel=\"noopener\"><span style=\"font-weight: 400;\">www.en.kfst.dk<\/span><\/a><\/p>\n<\/td>\n<td>\n<p><span style=\"font-weight: 400;\">+4541 71 50 00<\/span><\/p>\n<\/td>\n<\/tr>\n<tr>\n<td>\n<p><span style=\"font-weight: 400;\">Finland<\/span><\/p>\n<\/td>\n<td>\n<p><a href=\"http:\/\/www.suomi.fi\/\" target=\"_blank\" rel=\"noopener\"><span style=\"font-weight: 400;\">www.suomi.fi<\/span><\/a><\/p>\n<\/td>\n<td>\n<p><span style=\"font-weight: 400;\">0295 000<\/span><\/p>\n<\/td>\n<\/tr>\n<tr>\n<td>\n<p><span style=\"font-weight: 400;\">France<\/span><\/p>\n<\/td>\n<td>\n<p><span style=\"font-weight: 400;\">www.economie.gouv.fr<\/span><\/p>\n<\/td>\n<td>\n<p><span style=\"font-weight: 400;\">0820 200 999<\/span><\/p>\n<\/td>\n<\/tr>\n<tr>\n<td>\n<p><span style=\"font-weight: 400;\">Germany<\/span><\/p>\n<\/td>\n<td>\n<p><a href=\"http:\/\/www.bundeskartellamt.de\/\" target=\"_blank\" rel=\"noopener\"><span style=\"font-weight: 400;\">www.bundeskartellamt.de<\/span><\/a><\/p>\n<\/td>\n<td>\n<p><span style=\"font-weight: 400;\">0228 9499-555<\/span><\/p>\n<\/td>\n<\/tr>\n<tr>\n<td>\n<p><span style=\"font-weight: 400;\">Greece<\/span><\/p>\n<\/td>\n<td>\n<p><a href=\"http:\/\/www.inka.gr\/\" target=\"_blank\" rel=\"noopener\"><span style=\"font-weight: 400;\">www.inka.gr<\/span><\/a><\/p>\n<\/td>\n<td>\n<p><span style=\"font-weight: 400;\">11721 or 2103632443<\/span><\/p>\n<\/td>\n<\/tr>\n<tr>\n<td>\n<p><span style=\"font-weight: 400;\">Ireland<\/span><\/p>\n<\/td>\n<td>\n<p><a href=\"http:\/\/www.ccpc.ie\/\" target=\"_blank\" rel=\"noopener\"><span style=\"font-weight: 400;\">www.ccpc.ie<\/span><\/a><\/p>\n<\/td>\n<td>\n<p><span style=\"font-weight: 400;\">01 402 5555<\/span><\/p>\n<\/td>\n<\/tr>\n<tr>\n<td>\n<p><span style=\"font-weight: 400;\">Italy<\/span><\/p>\n<\/td>\n<td>\n<p><a href=\"http:\/\/www.consumatori.it\/\" target=\"_blank\" rel=\"noopener\"><span style=\"font-weight: 400;\">www.consumatori.it<\/span><\/a><\/p>\n<\/td>\n<td>\n<p><span style=\"font-weight: 400;\">06 \/ 32600239<\/span><\/p>\n<\/td>\n<\/tr>\n<tr>\n<td>\n<p><span style=\"font-weight: 400;\">Malta<\/span><\/p>\n<\/td>\n<td>\n<p><a href=\"http:\/\/www.mccaa.org.mt\/\" target=\"_blank\" rel=\"noopener\"><span style=\"font-weight: 400;\">www.mccaa.org.mt<\/span><\/a><\/p>\n<\/td>\n<td>\n<p><span style=\"font-weight: 400;\">+356 2395 2000<\/span><\/p>\n<\/td>\n<\/tr>\n<tr>\n<td>\n<p><span style=\"font-weight: 400;\">\u00a0<\/span><\/p>\n<\/td>\n<td>\n<p><span style=\"font-weight: 400;\">tourism.gov.mt<\/span><\/p>\n<\/td>\n<td>\n<p><span style=\"font-weight: 400;\">2124 8881\/2124 6982<\/span><\/p>\n<\/td>\n<\/tr>\n<tr>\n<td>\n<p><span style=\"font-weight: 400;\">Netherlands<\/span><\/p>\n<\/td>\n<td>\n<p><a href=\"http:\/\/www.kifid.nl\/\" target=\"_blank\" rel=\"noopener\"><span style=\"font-weight: 400;\">www.kifid.nl<\/span><\/a><\/p>\n<\/td>\n<td>\n<p><span style=\"font-weight: 400;\">070 &#8211; 333 8 999<\/span><\/p>\n<\/td>\n<\/tr>\n<tr>\n<td>\n<p><span style=\"font-weight: 400;\">\u00a0<\/span><\/p>\n<\/td>\n<td>\n<p><span style=\"font-weight: 400;\">www.degeschillencommissie.nl<\/span><\/p>\n<\/td>\n<td>\n<p><span style=\"font-weight: 400;\">070-3105310<\/span><\/p>\n<\/td>\n<\/tr>\n<tr>\n<td>\n<p><span style=\"font-weight: 400;\">Norway<\/span><\/p>\n<\/td>\n<td>\n<p><a href=\"http:\/\/www.finkn.no\/?id=1\" target=\"_blank\" rel=\"noopener\"><span style=\"font-weight: 400;\">www.finkn.no\/?id=1<\/span><\/a><\/p>\n<\/td>\n<td>\n<p><span style=\"font-weight: 400;\">23 13 19 60<\/span><\/p>\n<\/td>\n<\/tr>\n<tr>\n<td>\n<p><span style=\"font-weight: 400;\">\u00a0<\/span><\/p>\n<\/td>\n<td>\n<p><span style=\"font-weight: 400;\">www.forbrukerradet.no<\/span><\/p>\n<\/td>\n<td>\n<p><span style=\"font-weight: 400;\">23 400 500<\/span><\/p>\n<\/td>\n<\/tr>\n<tr>\n<td>\n<p><span style=\"font-weight: 400;\">Poland<\/span><\/p>\n<\/td>\n<td>\n<p><a href=\"http:\/\/www.uokik.gov.pl\/\" target=\"_blank\" rel=\"noopener\"><span style=\"font-weight: 400;\">www.uokik.gov.pl<\/span><\/a><\/p>\n<\/td>\n<td>\n<p><span style=\"font-weight: 400;\">22 55 60 800<\/span><\/p>\n<\/td>\n<\/tr>\n<tr>\n<td>\n<p><span style=\"font-weight: 400;\">\u00a0<\/span><\/p>\n<\/td>\n<td>\n<p><a href=\"http:\/\/www.konsument.gov.pl\/\" target=\"_blank\" rel=\"noopener\"><span style=\"font-weight: 400;\">www.konsument.gov.pl<\/span><\/a><\/p>\n<\/td>\n<td>\n<p><span style=\"font-weight: 400;\">22\u00a055\u00a060\u00a0600<\/span><\/p>\n<\/td>\n<\/tr>\n<tr>\n<td>\n<p><span style=\"font-weight: 400;\">Portugal<\/span><\/p>\n<\/td>\n<td>\n<p><a href=\"http:\/\/www.eportugal.gov.pt\/\" target=\"_blank\" rel=\"noopener\"><span style=\"font-weight: 400;\">www.eportugal.gov.pt<\/span><\/a><\/p>\n<\/td>\n<td>\n<p><span style=\"font-weight: 400;\">300 003 990\u00a0or\u00a0210 489 010<\/span><\/p>\n<\/td>\n<\/tr>\n<tr>\n<td>\n<p><span style=\"font-weight: 400;\">Romania<\/span><\/p>\n<\/td>\n<td>\n<p><a href=\"http:\/\/www.romania2019.eu\/\" target=\"_blank\" rel=\"noopener\"><span style=\"font-weight: 400;\">www.romania2019.eu<\/span><\/a><\/p>\n<\/td>\n<td>\n<p><span style=\"font-weight: 400;\">+4021.312.12.75<\/span><\/p>\n<\/td>\n<\/tr>\n<tr>\n<td>\n<p><span style=\"font-weight: 400;\">\u00a0<\/span><\/p>\n<\/td>\n<td>\n<p><a href=\"http:\/\/www.ec.europa.eu\/\" target=\"_blank\" rel=\"noopener\"><span style=\"font-weight: 400;\">www.ec.europa.eu<\/span><\/a><\/p>\n<\/td>\n<td>\n<p><span style=\"font-weight: 400;\">+32 2 299 11 11<\/span><\/p>\n<\/td>\n<\/tr>\n<tr>\n<td>\n<p><span style=\"font-weight: 400;\">Spain<\/span><\/p>\n<\/td>\n<td>\n<p><a href=\"http:\/\/www.consumoresponde.es\/\" target=\"_blank\" rel=\"noopener\"><span style=\"font-weight: 400;\">www.consumoresponde.es<\/span><\/a><\/p>\n<\/td>\n<td>\n<p><span style=\"font-weight: 400;\">900 215 080<\/span><\/p>\n<\/td>\n<\/tr>\n<tr>\n<td>\n<p><span style=\"font-weight: 400;\">Sweden<\/span><\/p>\n<\/td>\n<td>\n<p><a href=\"mailto:arn@arn.se\"><span style=\"font-weight: 400;\">arn@arn.se<\/span><\/a><\/p>\n<\/td>\n<td>\n<p><span style=\"font-weight: 400;\">0 8 508 860 00<\/span><\/p>\n<\/td>\n<\/tr>\n<tr>\n<td>\n<p><span style=\"font-weight: 400;\">\u00a0<\/span><\/p>\n<\/td>\n<td>\n<p><a href=\"http:\/\/www.konsumentverket.se\/\" target=\"_blank\" rel=\"noopener\"><span style=\"font-weight: 400;\">www.konsumentverket.se<\/span><\/a><\/p>\n<\/td>\n<td>\n<p><span style=\"font-weight: 400;\">0771\u201342 33 00<\/span><\/p>\n<\/td>\n<\/tr>\n<tr>\n<td>\u00a0<\/td>\n<td>\u00a0<\/td>\n<td>\u00a0<\/td>\n<\/tr>\n<\/tbody>\n<\/table>\n\t\t\t\t\t\t\t\t<\/div>\n\t\t\t\t<\/div>\n\t\t\t\t\t<\/div>\n\t\t<\/div>\n\t\t\t\t\t<\/div>\n\t\t<\/section>\n\t\t\t\t<\/div>\n\t\t","protected":false},"excerpt":{"rendered":"<p>APS-Beschwerderichtlinie Unser Unternehmen ist bestrebt, einen effizienten und professionellen Service zu bieten. Unser Ziel ist es, auf jede Kontaktaufnahme eines Mitglieds der \u00d6ffentlichkeit zeitnah, h\u00f6flich, hilfsbereit, offen und informativ zu beraten. Wir sind immer daran interessiert, die Meinungen unserer Kunden, insbesondere der breiten \u00d6ffentlichkeit, zu unserer Leistung im Allgemeinen zu h\u00f6ren \u2013 was wir richtig [&hellip;]<\/p>\n","protected":false},"author":1,"featured_media":0,"parent":0,"menu_order":0,"comment_status":"closed","ping_status":"closed","template":"elementor_header_footer","meta":{"_acf_changed":false,"inline_featured_image":false,"footnotes":""},"class_list":["post-5700","page","type-page","status-publish","hentry"],"acf":[],"_links":{"self":[{"href":"https:\/\/apsinternational.com\/de\/wp-json\/wp\/v2\/pages\/5700","targetHints":{"allow":["GET"]}}],"collection":[{"href":"https:\/\/apsinternational.com\/de\/wp-json\/wp\/v2\/pages"}],"about":[{"href":"https:\/\/apsinternational.com\/de\/wp-json\/wp\/v2\/types\/page"}],"author":[{"embeddable":true,"href":"https:\/\/apsinternational.com\/de\/wp-json\/wp\/v2\/users\/1"}],"replies":[{"embeddable":true,"href":"https:\/\/apsinternational.com\/de\/wp-json\/wp\/v2\/comments?post=5700"}],"version-history":[{"count":1,"href":"https:\/\/apsinternational.com\/de\/wp-json\/wp\/v2\/pages\/5700\/revisions"}],"predecessor-version":[{"id":5701,"href":"https:\/\/apsinternational.com\/de\/wp-json\/wp\/v2\/pages\/5700\/revisions\/5701"}],"wp:attachment":[{"href":"https:\/\/apsinternational.com\/de\/wp-json\/wp\/v2\/media?parent=5700"}],"curies":[{"name":"wp","href":"https:\/\/api.w.org\/{rel}","templated":true}]}}