
{"id":5652,"date":"2022-04-11T23:23:15","date_gmt":"2022-04-11T23:23:15","guid":{"rendered":"https:\/\/apsinternational.com\/conformidad\/"},"modified":"2024-01-12T22:24:38","modified_gmt":"2024-01-12T22:24:38","slug":"conformidad","status":"publish","type":"page","link":"https:\/\/apsinternational.com\/es\/conformidad\/","title":{"rendered":"Conformidad"},"content":{"rendered":"\t\t<div data-elementor-type=\"wp-page\" data-elementor-id=\"5652\" class=\"elementor elementor-5652 elementor-2126\" data-elementor-post-type=\"page\">\n\t\t\t\t\t\t<section class=\"has_eae_slider elementor-section elementor-top-section elementor-element elementor-element-556b723 elementor-section-height-min-height elementor-section-content-middle elementor-section-boxed elementor-section-height-default elementor-section-items-middle\" data-eae-slider=\"10485\" data-id=\"556b723\" data-element_type=\"section\" data-e-type=\"section\" data-settings=\"{&quot;background_background&quot;:&quot;classic&quot;,&quot;shape_divider_bottom&quot;:&quot;triangle&quot;}\">\n\t\t\t\t\t\t\t<div class=\"elementor-background-overlay\"><\/div>\n\t\t\t\t\t\t<div class=\"elementor-shape elementor-shape-bottom\" aria-hidden=\"true\" data-negative=\"false\">\n\t\t\t<svg xmlns=\"http:\/\/www.w3.org\/2000\/svg\" viewBox=\"0 0 1000 100\" preserveAspectRatio=\"none\">\n\t<path class=\"elementor-shape-fill\" d=\"M500,98.9L0,6.1V0h1000v6.1L500,98.9z\"\/>\n<\/svg>\t\t<\/div>\n\t\t\t\t\t<div class=\"elementor-container elementor-column-gap-no\">\n\t\t\t\t\t<div class=\"has_eae_slider elementor-column elementor-col-50 elementor-top-column elementor-element elementor-element-7ec1f0b\" data-eae-slider=\"75957\" data-id=\"7ec1f0b\" data-element_type=\"column\" data-e-type=\"column\">\n\t\t\t<div class=\"elementor-widget-wrap elementor-element-populated\">\n\t\t\t\t\t\t<div class=\"elementor-element elementor-element-7ed6a4a elementor-widget elementor-widget-heading\" data-id=\"7ed6a4a\" data-element_type=\"widget\" data-e-type=\"widget\" data-widget_type=\"heading.default\">\n\t\t\t\t<div class=\"elementor-widget-container\">\n\t\t\t\t\t<h1 class=\"elementor-heading-title elementor-size-default\">Conformidad<\/h1>\t\t\t\t<\/div>\n\t\t\t\t<\/div>\n\t\t\t\t\t<\/div>\n\t\t<\/div>\n\t\t\t\t<div class=\"has_eae_slider elementor-column elementor-col-50 elementor-top-column elementor-element elementor-element-958c232\" data-eae-slider=\"71648\" data-id=\"958c232\" data-element_type=\"column\" data-e-type=\"column\">\n\t\t\t<div class=\"elementor-widget-wrap\">\n\t\t\t\t\t\t\t<\/div>\n\t\t<\/div>\n\t\t\t\t\t<\/div>\n\t\t<\/section>\n\t\t\t\t<section class=\"has_eae_slider elementor-section elementor-top-section elementor-element elementor-element-aa1162d elementor-section-height-min-height elementor-section-boxed elementor-section-height-default elementor-section-items-middle\" data-eae-slider=\"6898\" data-id=\"aa1162d\" data-element_type=\"section\" data-e-type=\"section\">\n\t\t\t\t\t\t<div class=\"elementor-container elementor-column-gap-no\">\n\t\t\t\t\t<div class=\"has_eae_slider elementor-column elementor-col-100 elementor-top-column elementor-element elementor-element-d114ee7\" data-eae-slider=\"52446\" data-id=\"d114ee7\" data-element_type=\"column\" data-e-type=\"column\" data-settings=\"{&quot;background_background&quot;:&quot;classic&quot;}\">\n\t\t\t<div class=\"elementor-widget-wrap elementor-element-populated\">\n\t\t\t\t\t\t<section class=\"has_eae_slider elementor-section elementor-inner-section elementor-element elementor-element-dc7ac74 elementor-section-boxed elementor-section-height-default elementor-section-height-default\" data-eae-slider=\"28161\" data-id=\"dc7ac74\" data-element_type=\"section\" data-e-type=\"section\">\n\t\t\t\t\t\t<div class=\"elementor-container elementor-column-gap-no\">\n\t\t\t\t\t<div class=\"has_eae_slider elementor-column elementor-col-50 elementor-inner-column elementor-element elementor-element-98fdc92\" data-eae-slider=\"99274\" data-id=\"98fdc92\" data-element_type=\"column\" data-e-type=\"column\">\n\t\t\t<div class=\"elementor-widget-wrap elementor-element-populated\">\n\t\t\t\t\t\t<div class=\"elementor-element elementor-element-bba245f elementor-widget elementor-widget-heading\" data-id=\"bba245f\" data-element_type=\"widget\" data-e-type=\"widget\" data-widget_type=\"heading.default\">\n\t\t\t\t<div class=\"elementor-widget-container\">\n\t\t\t\t\t<h2 class=\"elementor-heading-title elementor-size-default\">Mant\u00e9ngase financieramente seguro<\/h2>\t\t\t\t<\/div>\n\t\t\t\t<\/div>\n\t\t\t\t<div class=\"elementor-element elementor-element-eaeb4f9 elementor-widget elementor-widget-text-editor\" data-id=\"eaeb4f9\" data-element_type=\"widget\" data-e-type=\"widget\" data-widget_type=\"text-editor.default\">\n\t\t\t\t<div class=\"elementor-widget-container\">\n\t\t\t\t\t\t\t\t\t<p>En APS, nos tomamos muy en serio la seguridad y confidencialidad de sus datos. Tomamos las medidas necesarias para saber qui\u00e9n est\u00e1 utilizando nuestro<\/p>\n<p>servicio. Queremos que se sienta seguro al enviar dinero con nuestro servicio en l\u00ednea.<\/p>\n<p>&nbsp;<\/p>\n<p>Nuestro protocolo, principios y procedimientos de cumplimiento est\u00e1n en l\u00ednea con los requisitos regulatorios y de la industria como m\u00ednimo. APS se adhiere a pr\u00e1cticas y pol\u00edticas que cumplen con los est\u00e1ndares legales y \u00e9ticos.<\/p>\n<p>En APS, conocer a nuestros clientes es una parte importante de nuestro proceso contra el lavado de dinero (AML). Esto incluye la identificaci\u00f3n y autenticaci\u00f3n de todos nuestros clientes durante el proceso de registro. Esto es para garantizar que nuestros procedimientos KYC se cumplan estrictamente de acuerdo con nuestros requisitos reglamentarios.<\/p>\n\t\t\t\t\t\t\t\t<\/div>\n\t\t\t\t<\/div>\n\t\t\t\t\t<\/div>\n\t\t<\/div>\n\t\t\t\t<div class=\"has_eae_slider elementor-column elementor-col-50 elementor-inner-column elementor-element elementor-element-c6f41fa elementor-hidden-mobile\" data-eae-slider=\"46205\" data-id=\"c6f41fa\" data-element_type=\"column\" data-e-type=\"column\" data-settings=\"{&quot;background_background&quot;:&quot;classic&quot;}\">\n\t\t\t<div class=\"elementor-widget-wrap elementor-element-populated\">\n\t\t\t\t\t\t<div class=\"elementor-element elementor-element-0f453fe elementor-widget elementor-widget-image\" data-id=\"0f453fe\" data-element_type=\"widget\" data-e-type=\"widget\" data-widget_type=\"image.default\">\n\t\t\t\t<div class=\"elementor-widget-container\">\n\t\t\t\t\t\t\t\t\t\t\t\t\t\t\t<img fetchpriority=\"high\" decoding=\"async\" width=\"1920\" height=\"1280\" src=\"https:\/\/apsinternational.com\/wp-content\/uploads\/2022\/04\/pexels-rodnae-productions-7821514.jpeg\" class=\"attachment-full size-full wp-image-3098\" alt=\"\" srcset=\"https:\/\/apsinternational.com\/wp-content\/uploads\/2022\/04\/pexels-rodnae-productions-7821514.jpeg 1920w, https:\/\/apsinternational.com\/wp-content\/uploads\/2022\/04\/pexels-rodnae-productions-7821514-300x200.jpeg 300w, https:\/\/apsinternational.com\/wp-content\/uploads\/2022\/04\/pexels-rodnae-productions-7821514-1024x683.jpeg 1024w, https:\/\/apsinternational.com\/wp-content\/uploads\/2022\/04\/pexels-rodnae-productions-7821514-768x512.jpeg 768w, https:\/\/apsinternational.com\/wp-content\/uploads\/2022\/04\/pexels-rodnae-productions-7821514-1536x1024.jpeg 1536w\" sizes=\"(max-width: 1920px) 100vw, 1920px\" \/>\t\t\t\t\t\t\t\t\t\t\t\t\t\t\t<\/div>\n\t\t\t\t<\/div>\n\t\t\t\t\t<\/div>\n\t\t<\/div>\n\t\t\t\t\t<\/div>\n\t\t<\/section>\n\t\t\t\t\t<\/div>\n\t\t<\/div>\n\t\t\t\t\t<\/div>\n\t\t<\/section>\n\t\t\t\t<section class=\"has_eae_slider elementor-section elementor-top-section elementor-element elementor-element-19daa48 elementor-section-full_width elementor-section-height-min-height elementor-section-height-default elementor-section-items-middle\" data-eae-slider=\"88941\" data-id=\"19daa48\" data-element_type=\"section\" data-e-type=\"section\" data-settings=\"{&quot;background_background&quot;:&quot;classic&quot;,&quot;shape_divider_top&quot;:&quot;triangle&quot;,&quot;shape_divider_bottom&quot;:&quot;triangle&quot;}\">\n\t\t\t\t\t\t\t<div class=\"elementor-background-overlay\"><\/div>\n\t\t\t\t\t\t<div class=\"elementor-shape elementor-shape-top\" aria-hidden=\"true\" data-negative=\"false\">\n\t\t\t<svg xmlns=\"http:\/\/www.w3.org\/2000\/svg\" viewBox=\"0 0 1000 100\" preserveAspectRatio=\"none\">\n\t<path class=\"elementor-shape-fill\" d=\"M500,98.9L0,6.1V0h1000v6.1L500,98.9z\"\/>\n<\/svg>\t\t<\/div>\n\t\t\t\t<div class=\"elementor-shape elementor-shape-bottom\" aria-hidden=\"true\" data-negative=\"false\">\n\t\t\t<svg xmlns=\"http:\/\/www.w3.org\/2000\/svg\" viewBox=\"0 0 1000 100\" preserveAspectRatio=\"none\">\n\t<path class=\"elementor-shape-fill\" d=\"M500,98.9L0,6.1V0h1000v6.1L500,98.9z\"\/>\n<\/svg>\t\t<\/div>\n\t\t\t\t\t<div class=\"elementor-container elementor-column-gap-no\">\n\t\t\t\t\t<div class=\"has_eae_slider elementor-column elementor-col-100 elementor-top-column elementor-element elementor-element-ed7e20e\" data-eae-slider=\"69199\" data-id=\"ed7e20e\" data-element_type=\"column\" data-e-type=\"column\">\n\t\t\t<div class=\"elementor-widget-wrap elementor-element-populated\">\n\t\t\t\t\t\t<section class=\"has_eae_slider elementor-section elementor-inner-section elementor-element elementor-element-3fc8488 elementor-section-boxed elementor-section-height-default elementor-section-height-default\" data-eae-slider=\"77835\" data-id=\"3fc8488\" data-element_type=\"section\" data-e-type=\"section\">\n\t\t\t\t\t\t<div class=\"elementor-container elementor-column-gap-default\">\n\t\t\t\t\t<div class=\"has_eae_slider elementor-column elementor-col-50 elementor-inner-column elementor-element elementor-element-1029f9a\" data-eae-slider=\"53288\" data-id=\"1029f9a\" data-element_type=\"column\" data-e-type=\"column\">\n\t\t\t<div class=\"elementor-widget-wrap elementor-element-populated\">\n\t\t\t\t\t\t<div class=\"elementor-element elementor-element-01852cf elementor-widget elementor-widget-heading\" data-id=\"01852cf\" data-element_type=\"widget\" data-e-type=\"widget\" data-widget_type=\"heading.default\">\n\t\t\t\t<div class=\"elementor-widget-container\">\n\t\t\t\t\t<h3 class=\"elementor-heading-title elementor-size-default\">Lo que no se debe hacer<\/h3>\t\t\t\t<\/div>\n\t\t\t\t<\/div>\n\t\t\t\t<div class=\"elementor-element elementor-element-c835b48 elementor-widget elementor-widget-text-editor\" data-id=\"c835b48\" data-element_type=\"widget\" data-e-type=\"widget\" data-widget_type=\"text-editor.default\">\n\t\t\t\t<div class=\"elementor-widget-container\">\n\t\t\t\t\t\t\t\t\t<ul>\n<li>Nunca env\u00ede dinero a un extra\u00f1o utilizando un servicio de transferencia de dinero.<\/li>\n<li>Tenga cuidado con las ofertas u oportunidades que parecen demasiado buenas para ser verdad, como los precios baj\u00edsimos de productos caros o dif\u00edciles de encontrar.<\/li>\n<li>No utilice los servicios de transferencia de dinero para pagar cosas como compras en subastas en l\u00ednea.<\/li>\n<li>Nunca env\u00ede dinero para pagar impuestos o tarifas sobre ganancias de loter\u00edas extranjeras.<\/li>\n<li>Est\u00e1 vendiendo mercanc\u00eda y recibe un cheque por mucho m\u00e1s que su precio de venta, pero se le pide que devuelva la cantidad adicional a trav\u00e9s de una transferencia de dinero.<\/li>\n<li>Se le ofrece un pr\u00e9stamo de bajo costo, pero debe pagar por adelantado las tarifas o los primeros pagos del pr\u00e9stamo utilizando servicios de transferencia de dinero.<\/li>\n<li>Recibe una llamada de alguien que dice ser un oficial de polic\u00eda o un empleado de un hospital que le pide dinero para la fianza o el tratamiento m\u00e9dico de un ser querido.<\/li>\n<li>Respondes a un anuncio de trabajo para un Mystery Shopper y, como parte del trabajo, recibes un cheque y se te pide que devuelvas el dinero. A pesar de que un banco pone fondos a disposici\u00f3n, no significa que el cheque o giro postal se cobrar\u00e1. Pueden pasar semanas antes de que se descubra un cheque o giro postal falso, momento en el que el banco puede deducir la cantidad que se deposit\u00f3 originalmente en su cuenta.<\/li>\n<\/ul>\n\t\t\t\t\t\t\t\t<\/div>\n\t\t\t\t<\/div>\n\t\t\t\t\t<\/div>\n\t\t<\/div>\n\t\t\t\t<div class=\"has_eae_slider elementor-column elementor-col-50 elementor-inner-column elementor-element elementor-element-2309a48\" data-eae-slider=\"72179\" data-id=\"2309a48\" data-element_type=\"column\" data-e-type=\"column\">\n\t\t\t<div class=\"elementor-widget-wrap elementor-element-populated\">\n\t\t\t\t\t\t<div class=\"elementor-element elementor-element-f3ce9cf elementor-widget elementor-widget-heading\" data-id=\"f3ce9cf\" data-element_type=\"widget\" data-e-type=\"widget\" data-widget_type=\"heading.default\">\n\t\t\t\t<div class=\"elementor-widget-container\">\n\t\t\t\t\t<h3 class=\"elementor-heading-title elementor-size-default\">\u00bfQu\u00e9 hacer?<\/h3>\t\t\t\t<\/div>\n\t\t\t\t<\/div>\n\t\t\t\t<div class=\"elementor-element elementor-element-fbf4d45 elementor-widget elementor-widget-text-editor\" data-id=\"fbf4d45\" data-element_type=\"widget\" data-e-type=\"widget\" data-widget_type=\"text-editor.default\">\n\t\t\t\t<div class=\"elementor-widget-container\">\n\t\t\t\t\t\t\t\t\t<ul>\n<li>Conozca a la persona a la que le est\u00e1 enviando dinero.<\/li>\n<li>Compre bienes y servicios de fuentes conocidas y confiables.<\/li>\n<li>Evite pagar las compras de subastas en l\u00ednea a trav\u00e9s de transferencia de dinero.<\/li>\n<li>Tenga mucho cuidado si compra o vende art\u00edculos a alguien fuera de su pa\u00eds, especialmente cuando compre art\u00edculos populares de alto valor en libras esterlinas.<\/li>\n<li>Suspenda cualquier transacci\u00f3n si alguien le ense\u00f1a c\u00f3mo responder a las preguntas formuladas por Approve Services. Esta es una se\u00f1al segura de fraude.<\/li>\n<li>Recuerde: El servicio de transferencia de dinero de Approve Services es una excelente manera de enviar dinero a personas que conoce y en las que conf\u00eda. No tiene la intenci\u00f3n de enviar dinero a alguien que no conoces.<\/li>\n<\/ul>\n\t\t\t\t\t\t\t\t<\/div>\n\t\t\t\t<\/div>\n\t\t\t\t<div class=\"elementor-element elementor-element-281efaf elementor-widget elementor-widget-text-editor\" data-id=\"281efaf\" data-element_type=\"widget\" data-e-type=\"widget\" data-widget_type=\"text-editor.default\">\n\t\t\t\t<div class=\"elementor-widget-container\">\n\t\t\t\t\t\t\t\t\t<p>Enviar dinero con un nombre de destinatario ficticio no te proteger\u00e1 cuando hagas negocios con un extra\u00f1o.<\/p>\n\t\t\t\t\t\t\t\t<\/div>\n\t\t\t\t<\/div>\n\t\t\t\t\t<\/div>\n\t\t<\/div>\n\t\t\t\t\t<\/div>\n\t\t<\/section>\n\t\t\t\t\t<\/div>\n\t\t<\/div>\n\t\t\t\t\t<\/div>\n\t\t<\/section>\n\t\t\t\t<section class=\"has_eae_slider elementor-section elementor-top-section elementor-element elementor-element-70020e91 elementor-section-content-middle elementor-section-full_width elementor-section-height-default elementor-section-height-default\" data-eae-slider=\"1011\" data-id=\"70020e91\" data-element_type=\"section\" data-e-type=\"section\">\n\t\t\t\t\t\t<div class=\"elementor-container elementor-column-gap-no\">\n\t\t\t\t\t<div class=\"has_eae_slider elementor-column elementor-col-50 elementor-top-column elementor-element elementor-element-18c69758\" data-eae-slider=\"22427\" data-id=\"18c69758\" data-element_type=\"column\" data-e-type=\"column\">\n\t\t\t<div class=\"elementor-widget-wrap elementor-element-populated\">\n\t\t\t\t\t\t<div class=\"elementor-element elementor-element-1028128e elementor-widget elementor-widget-heading\" data-id=\"1028128e\" data-element_type=\"widget\" data-e-type=\"widget\" data-widget_type=\"heading.default\">\n\t\t\t\t<div class=\"elementor-widget-container\">\n\t\t\t\t\t<h4 class=\"elementor-heading-title elementor-size-default\">CONFORMIDAD<\/h4>\t\t\t\t<\/div>\n\t\t\t\t<\/div>\n\t\t\t\t<div class=\"elementor-element elementor-element-65526e6 elementor-widget-divider--view-line elementor-widget elementor-widget-divider\" data-id=\"65526e6\" data-element_type=\"widget\" data-e-type=\"widget\" data-widget_type=\"divider.default\">\n\t\t\t\t<div class=\"elementor-widget-container\">\n\t\t\t\t\t\t\t<div class=\"elementor-divider\">\n\t\t\t<span class=\"elementor-divider-separator\">\n\t\t\t\t\t\t<\/span>\n\t\t<\/div>\n\t\t\t\t\t\t<\/div>\n\t\t\t\t<\/div>\n\t\t\t\t\t<\/div>\n\t\t<\/div>\n\t\t\t\t<div class=\"has_eae_slider elementor-column elementor-col-50 elementor-top-column elementor-element elementor-element-5ac2a9b0\" data-eae-slider=\"30861\" data-id=\"5ac2a9b0\" data-element_type=\"column\" data-e-type=\"column\">\n\t\t\t<div class=\"elementor-widget-wrap elementor-element-populated\">\n\t\t\t\t\t\t<div class=\"elementor-element elementor-element-65383aa elementor-widget elementor-widget-text-editor\" data-id=\"65383aa\" data-element_type=\"widget\" data-e-type=\"widget\" data-widget_type=\"text-editor.default\">\n\t\t\t\t<div class=\"elementor-widget-container\">\n\t\t\t\t\t\t\t\t\t<p>Como estamos totalmente autorizados y regulados, estamos obligados por ley a mantener (en el archivo) una prueba de identificaci\u00f3n original o certificada y los detalles de la direcci\u00f3n f\u00edsica de todos los clientes. Para todas las transacciones superiores a \u00a3 4,000 en 30 d\u00edas, se debe proporcionar documentaci\u00f3n de respaldo para la transferencia.<\/p>\n<p>Esta documentaci\u00f3n se guarda archivada en un lugar seguro y los detalles de la transacci\u00f3n nunca se revelan a terceros.<\/p>\n<p>Estamos autorizados y regulados por la Autoridad de Conducta Financiera (FCA); n\u00famero de referencia de la firma 566523 y n\u00famero de registro de la Agencia Tributaria y de Aduanas de Su Majestad (HMRC) 12480742. Estamos sujetos al n\u00famero de registro de la Ley de Protecci\u00f3n de Datos 1998\/GDPR 2018 (Oficina del Comisionado de Informaci\u00f3n \u2013 ICO) ZA15338.<\/p>\n\t\t\t\t\t\t\t\t<\/div>\n\t\t\t\t<\/div>\n\t\t\t\t\t<\/div>\n\t\t<\/div>\n\t\t\t\t\t<\/div>\n\t\t<\/section>\n\t\t\t\t<section class=\"has_eae_slider elementor-section elementor-top-section elementor-element elementor-element-d743f27 elementor-section-content-middle elementor-section-full_width elementor-section-height-default elementor-section-height-default\" data-eae-slider=\"15568\" data-id=\"d743f27\" data-element_type=\"section\" data-e-type=\"section\" data-settings=\"{&quot;background_background&quot;:&quot;classic&quot;}\">\n\t\t\t\t\t\t<div class=\"elementor-container elementor-column-gap-no\">\n\t\t\t\t\t<div class=\"has_eae_slider elementor-column elementor-col-50 elementor-top-column elementor-element elementor-element-25283b8\" data-eae-slider=\"86344\" data-id=\"25283b8\" data-element_type=\"column\" data-e-type=\"column\">\n\t\t\t<div class=\"elementor-widget-wrap elementor-element-populated\">\n\t\t\t\t\t\t<div class=\"elementor-element elementor-element-4232fb1 elementor-widget elementor-widget-heading\" data-id=\"4232fb1\" data-element_type=\"widget\" data-e-type=\"widget\" data-widget_type=\"heading.default\">\n\t\t\t\t<div class=\"elementor-widget-container\">\n\t\t\t\t\t<h4 class=\"elementor-heading-title elementor-size-default\">POL\u00cdTICA DE PRIVACIDAD<\/h4>\t\t\t\t<\/div>\n\t\t\t\t<\/div>\n\t\t\t\t<div class=\"elementor-element elementor-element-ec52243 elementor-widget-divider--view-line elementor-widget elementor-widget-divider\" data-id=\"ec52243\" data-element_type=\"widget\" data-e-type=\"widget\" data-widget_type=\"divider.default\">\n\t\t\t\t<div class=\"elementor-widget-container\">\n\t\t\t\t\t\t\t<div class=\"elementor-divider\">\n\t\t\t<span class=\"elementor-divider-separator\">\n\t\t\t\t\t\t<\/span>\n\t\t<\/div>\n\t\t\t\t\t\t<\/div>\n\t\t\t\t<\/div>\n\t\t\t\t\t<\/div>\n\t\t<\/div>\n\t\t\t\t<div class=\"has_eae_slider elementor-column elementor-col-50 elementor-top-column elementor-element elementor-element-32e2c13\" data-eae-slider=\"16928\" data-id=\"32e2c13\" data-element_type=\"column\" data-e-type=\"column\">\n\t\t\t<div class=\"elementor-widget-wrap elementor-element-populated\">\n\t\t\t\t\t\t<div class=\"elementor-element elementor-element-aa81c1b elementor-widget elementor-widget-text-editor\" data-id=\"aa81c1b\" data-element_type=\"widget\" data-e-type=\"widget\" data-widget_type=\"text-editor.default\">\n\t\t\t\t<div class=\"elementor-widget-container\">\n\t\t\t\t\t\t\t\t\t<p>Nuestra declaraci\u00f3n de pol\u00edtica de privacidad establece la protecci\u00f3n que ofrecemos a nuestros valiosos clientes sobre la divulgaci\u00f3n de la informaci\u00f3n que recopilamos de ellos en el curso del procesamiento de IMT. Estamos obligados por ley a recopilar copias de identificaci\u00f3n de nuestros clientes que deseen realizar una transferencia internacional de dinero. Tambi\u00e9n estamos obligados a mantener registros de todas las transacciones realizadas. Sujeto a los requisitos de la normativa internacional contra el blanqueo de capitales, no divulgaremos datos personales a terceros a menos que se nos d\u00e9 permiso espec\u00edfico para hacerlo. En el proceso de completar las transacciones de transferencia de dinero, la informaci\u00f3n solo se divulga a las partes que est\u00e1n necesariamente involucradas para completar la transferencia. Somos conscientes de la sensibilidad de las transacciones financieras y la confidencialidad es clave para nuestro servicio. Sin embargo, estamos obligados por ley a informar sobre cualquier transacci\u00f3n sospechosa de cualquier tama\u00f1o en la que podamos sospechar que el dinero proviene o se adquiere a trav\u00e9s de actividades ilegales. Esto cumple con las regulaciones de lavado de dinero en el Reino Unido.<\/p>\n\t\t\t\t\t\t\t\t<\/div>\n\t\t\t\t<\/div>\n\t\t\t\t\t<\/div>\n\t\t<\/div>\n\t\t\t\t\t<\/div>\n\t\t<\/section>\n\t\t\t\t<section class=\"has_eae_slider elementor-section elementor-top-section elementor-element elementor-element-508369d elementor-section-content-middle elementor-section-full_width elementor-section-height-default elementor-section-height-default\" data-eae-slider=\"91833\" data-id=\"508369d\" data-element_type=\"section\" data-e-type=\"section\" data-settings=\"{&quot;background_background&quot;:&quot;classic&quot;}\">\n\t\t\t\t\t\t<div class=\"elementor-container elementor-column-gap-no\">\n\t\t\t\t\t<div class=\"has_eae_slider elementor-column elementor-col-50 elementor-top-column elementor-element elementor-element-cb31290\" data-eae-slider=\"95601\" data-id=\"cb31290\" data-element_type=\"column\" data-e-type=\"column\">\n\t\t\t<div class=\"elementor-widget-wrap elementor-element-populated\">\n\t\t\t\t\t\t<div class=\"elementor-element elementor-element-e3de4cf elementor-widget elementor-widget-heading\" data-id=\"e3de4cf\" data-element_type=\"widget\" data-e-type=\"widget\" data-widget_type=\"heading.default\">\n\t\t\t\t<div class=\"elementor-widget-container\">\n\t\t\t\t\t<h4 class=\"elementor-heading-title elementor-size-default\">DOCUMENTOS DE IDENTIDAD<\/h4>\t\t\t\t<\/div>\n\t\t\t\t<\/div>\n\t\t\t\t<div class=\"elementor-element elementor-element-571ea19 elementor-widget-divider--view-line elementor-widget elementor-widget-divider\" data-id=\"571ea19\" data-element_type=\"widget\" data-e-type=\"widget\" data-widget_type=\"divider.default\">\n\t\t\t\t<div class=\"elementor-widget-container\">\n\t\t\t\t\t\t\t<div class=\"elementor-divider\">\n\t\t\t<span class=\"elementor-divider-separator\">\n\t\t\t\t\t\t<\/span>\n\t\t<\/div>\n\t\t\t\t\t\t<\/div>\n\t\t\t\t<\/div>\n\t\t\t\t\t<\/div>\n\t\t<\/div>\n\t\t\t\t<div class=\"has_eae_slider elementor-column elementor-col-50 elementor-top-column elementor-element elementor-element-423f17e\" data-eae-slider=\"53630\" data-id=\"423f17e\" data-element_type=\"column\" data-e-type=\"column\">\n\t\t\t<div class=\"elementor-widget-wrap elementor-element-populated\">\n\t\t\t\t\t\t<div class=\"elementor-element elementor-element-3f1b3f3 elementor-widget elementor-widget-text-editor\" data-id=\"3f1b3f3\" data-element_type=\"widget\" data-e-type=\"widget\" data-widget_type=\"text-editor.default\">\n\t\t\t\t<div class=\"elementor-widget-container\">\n\t\t\t\t\t\t\t\t\t<p>Como resultado de las recientes leyes ratificadas por el Parlamento del Reino Unido y que entraron en vigor el 15 de diciembre de 2007, nuestra empresa est\u00e1 ahora obligada a tomar y verificar las identificaciones de cliente de cualquier cliente que utilice nuestros servicios m\u00e1s de una vez. Hacemos hincapi\u00e9 en que esta ley se aplica sin excepci\u00f3n a todas las empresas de transferencia de dinero con sede en el Reino Unido. Por lo tanto, requerimos que, si desea utilizar nuestros servicios m\u00e1s de una vez, nos proporcione su identificaci\u00f3n y comprobante de domicilio. Puede ser su pasaporte o permiso de conducir junto con una factura de servicios p\u00fablicos, un extracto bancario o de tarjeta de cr\u00e9dito (que se le haya enviado en los \u00faltimos 3 meses) La informaci\u00f3n contenida en estos documentos permanecer\u00e1 confidencial en nuestros archivos; los documentos no se divulgar\u00e1n a terceros, tal y como se establece en la Ley de Protecci\u00f3n de Datos de 1998\/RGPD de 2018.<\/p>\n<p>El blanqueo de capitales es un delito internacional muy grave y los clientes deben tener en cuenta que cualquier transacci\u00f3n sospechosa ser\u00e1 denunciada a las autoridades correspondientes sin m\u00e1s referencias. Por lo tanto, le pedimos que se asegure de cumplir y proporcionar toda la documentaci\u00f3n requerida.<\/p>\n\t\t\t\t\t\t\t\t<\/div>\n\t\t\t\t<\/div>\n\t\t\t\t\t<\/div>\n\t\t<\/div>\n\t\t\t\t\t<\/div>\n\t\t<\/section>\n\t\t\t\t<\/div>\n\t\t","protected":false},"excerpt":{"rendered":"<p>Conformidad Mant\u00e9ngase financieramente seguro En APS, nos tomamos muy en serio la seguridad y confidencialidad de sus datos. Tomamos las medidas necesarias para saber qui\u00e9n est\u00e1 utilizando nuestro servicio. Queremos que se sienta seguro al enviar dinero con nuestro servicio en l\u00ednea. &nbsp; Nuestro protocolo, principios y procedimientos de cumplimiento est\u00e1n en l\u00ednea con los [&hellip;]<\/p>\n","protected":false},"author":1,"featured_media":0,"parent":0,"menu_order":0,"comment_status":"closed","ping_status":"closed","template":"elementor_header_footer","meta":{"_acf_changed":false,"inline_featured_image":false,"footnotes":""},"class_list":["post-5652","page","type-page","status-publish","hentry"],"acf":[],"_links":{"self":[{"href":"https:\/\/apsinternational.com\/es\/wp-json\/wp\/v2\/pages\/5652","targetHints":{"allow":["GET"]}}],"collection":[{"href":"https:\/\/apsinternational.com\/es\/wp-json\/wp\/v2\/pages"}],"about":[{"href":"https:\/\/apsinternational.com\/es\/wp-json\/wp\/v2\/types\/page"}],"author":[{"embeddable":true,"href":"https:\/\/apsinternational.com\/es\/wp-json\/wp\/v2\/users\/1"}],"replies":[{"embeddable":true,"href":"https:\/\/apsinternational.com\/es\/wp-json\/wp\/v2\/comments?post=5652"}],"version-history":[{"count":1,"href":"https:\/\/apsinternational.com\/es\/wp-json\/wp\/v2\/pages\/5652\/revisions"}],"predecessor-version":[{"id":5653,"href":"https:\/\/apsinternational.com\/es\/wp-json\/wp\/v2\/pages\/5652\/revisions\/5653"}],"wp:attachment":[{"href":"https:\/\/apsinternational.com\/es\/wp-json\/wp\/v2\/media?parent=5652"}],"curies":[{"name":"wp","href":"https:\/\/api.w.org\/{rel}","templated":true}]}}