
{"id":4962,"date":"2022-04-12T12:37:55","date_gmt":"2022-04-12T12:37:55","guid":{"rendered":"https:\/\/apsinternational.com\/bli-agent\/"},"modified":"2023-04-23T14:53:00","modified_gmt":"2023-04-23T14:53:00","slug":"bli-agent","status":"publish","type":"page","link":"https:\/\/apsinternational.com\/sv\/bli-agent\/","title":{"rendered":"Bli agent"},"content":{"rendered":"\t\t<div data-elementor-type=\"wp-page\" data-elementor-id=\"4962\" class=\"elementor elementor-4962 elementor-2465\" data-elementor-post-type=\"page\">\n\t\t\t\t\t\t<section class=\"has_eae_slider elementor-section elementor-top-section elementor-element elementor-element-5d2e653 elementor-section-height-min-height elementor-section-content-middle elementor-section-boxed elementor-section-height-default elementor-section-items-middle\" data-eae-slider=\"64828\" data-id=\"5d2e653\" data-element_type=\"section\" data-e-type=\"section\" data-settings=\"{&quot;background_background&quot;:&quot;classic&quot;,&quot;shape_divider_bottom&quot;:&quot;triangle&quot;}\">\n\t\t\t\t\t\t\t<div class=\"elementor-background-overlay\"><\/div>\n\t\t\t\t\t\t<div class=\"elementor-shape elementor-shape-bottom\" aria-hidden=\"true\" data-negative=\"false\">\n\t\t\t<svg xmlns=\"http:\/\/www.w3.org\/2000\/svg\" viewBox=\"0 0 1000 100\" preserveAspectRatio=\"none\">\n\t<path class=\"elementor-shape-fill\" d=\"M500,98.9L0,6.1V0h1000v6.1L500,98.9z\"\/>\n<\/svg>\t\t<\/div>\n\t\t\t\t\t<div class=\"elementor-container elementor-column-gap-no\">\n\t\t\t\t\t<div class=\"has_eae_slider elementor-column elementor-col-50 elementor-top-column elementor-element elementor-element-48392c3\" data-eae-slider=\"58854\" data-id=\"48392c3\" data-element_type=\"column\" data-e-type=\"column\">\n\t\t\t<div class=\"elementor-widget-wrap elementor-element-populated\">\n\t\t\t\t\t\t<div class=\"elementor-element elementor-element-33884c4 elementor-widget elementor-widget-heading\" data-id=\"33884c4\" data-element_type=\"widget\" data-e-type=\"widget\" data-widget_type=\"heading.default\">\n\t\t\t\t<div class=\"elementor-widget-container\">\n\t\t\t\t\t<h1 class=\"elementor-heading-title elementor-size-default\">Bli agent<\/h1>\t\t\t\t<\/div>\n\t\t\t\t<\/div>\n\t\t\t\t\t<\/div>\n\t\t<\/div>\n\t\t\t\t<div class=\"has_eae_slider elementor-column elementor-col-50 elementor-top-column elementor-element elementor-element-7cc3740\" data-eae-slider=\"29779\" data-id=\"7cc3740\" data-element_type=\"column\" data-e-type=\"column\">\n\t\t\t<div class=\"elementor-widget-wrap\">\n\t\t\t\t\t\t\t<\/div>\n\t\t<\/div>\n\t\t\t\t\t<\/div>\n\t\t<\/section>\n\t\t\t\t<section class=\"has_eae_slider elementor-section elementor-top-section elementor-element elementor-element-2413f9de elementor-section-content-middle elementor-section-boxed elementor-section-height-default elementor-section-height-default\" data-eae-slider=\"72498\" data-id=\"2413f9de\" data-element_type=\"section\" data-e-type=\"section\">\n\t\t\t\t\t\t<div class=\"elementor-container elementor-column-gap-no\">\n\t\t\t\t\t<div class=\"has_eae_slider elementor-column elementor-col-100 elementor-top-column elementor-element elementor-element-404f0e23\" data-eae-slider=\"7312\" data-id=\"404f0e23\" data-element_type=\"column\" data-e-type=\"column\">\n\t\t\t<div class=\"elementor-widget-wrap elementor-element-populated\">\n\t\t\t\t\t\t<div class=\"elementor-element elementor-element-2a2bdf8a elementor-widget elementor-widget-heading\" data-id=\"2a2bdf8a\" data-element_type=\"widget\" data-e-type=\"widget\" data-widget_type=\"heading.default\">\n\t\t\t\t<div class=\"elementor-widget-container\">\n\t\t\t\t\t<h2 class=\"elementor-heading-title elementor-size-default\">G\u00e5 med i v\u00e5rt lag<\/h2>\t\t\t\t<\/div>\n\t\t\t\t<\/div>\n\t\t\t\t<div class=\"elementor-element elementor-element-ae9ff6f elementor-widget elementor-widget-text-editor\" data-id=\"ae9ff6f\" data-element_type=\"widget\" data-e-type=\"widget\" data-widget_type=\"text-editor.default\">\n\t\t\t\t<div class=\"elementor-widget-container\">\n\t\t\t\t\t\t\t\t\t<p>APS International Ltd letar alltid efter proffs f\u00f6r att g\u00e5 med i v\u00e5rt n\u00e4tverk och hj\u00e4lpa oss att hj\u00e4lpa v\u00e5ra kunder att skicka pengar \u00f6ver hela v\u00e4rlden.<\/p>\n<p>&nbsp;<\/p>\n<p>Fyll i formul\u00e4ret nedan f\u00f6r att l\u00e4ra dig mer, om m\u00f6jligheterna s\u00e5 kontaktar vi dig direkt.<\/p>\n\t\t\t\t\t\t\t\t<\/div>\n\t\t\t\t<\/div>\n\t\t\t\t\t<\/div>\n\t\t<\/div>\n\t\t\t\t\t<\/div>\n\t\t<\/section>\n\t\t\t\t<section class=\"has_eae_slider elementor-section elementor-top-section elementor-element elementor-element-5bc8b39 elementor-section-boxed elementor-section-height-default elementor-section-height-default\" data-eae-slider=\"18570\" data-id=\"5bc8b39\" data-element_type=\"section\" data-e-type=\"section\" data-settings=\"{&quot;background_background&quot;:&quot;classic&quot;}\">\n\t\t\t\t\t\t<div class=\"elementor-container elementor-column-gap-default\">\n\t\t\t\t\t<div class=\"has_eae_slider elementor-column elementor-col-100 elementor-top-column elementor-element elementor-element-3b546a3\" data-eae-slider=\"50348\" data-id=\"3b546a3\" data-element_type=\"column\" data-e-type=\"column\">\n\t\t\t<div class=\"elementor-widget-wrap elementor-element-populated\">\n\t\t\t\t\t\t<div class=\"elementor-element elementor-element-45feab0 elementor-widget elementor-widget-heading\" data-id=\"45feab0\" data-element_type=\"widget\" data-e-type=\"widget\" data-widget_type=\"heading.default\">\n\t\t\t\t<div class=\"elementor-widget-container\">\n\t\t\t\t\t<h2 class=\"elementor-heading-title elementor-size-default\">APS International LTD Agentans\u00f6kningsformul\u00e4r<\/h2>\t\t\t\t<\/div>\n\t\t\t\t<\/div>\n\t\t\t\t<div class=\"elementor-element elementor-element-8b800fa elementor-button-align-stretch elementor-widget elementor-widget-form\" data-id=\"8b800fa\" data-element_type=\"widget\" data-e-type=\"widget\" data-settings=\"{&quot;step_next_label&quot;:&quot;Next&quot;,&quot;step_previous_label&quot;:&quot;Previous&quot;,&quot;button_width&quot;:&quot;100&quot;,&quot;step_type&quot;:&quot;number_text&quot;,&quot;step_icon_shape&quot;:&quot;circle&quot;}\" data-widget_type=\"form.default\">\n\t\t\t\t<div class=\"elementor-widget-container\">\n\t\t\t\t\t\t\t<form class=\"elementor-form\" method=\"post\" name=\"Agentans\u00f6kan\" aria-label=\"Agentans\u00f6kan\">\n\t\t\t<input type=\"hidden\" name=\"post_id\" value=\"4962\"\/>\n\t\t\t<input type=\"hidden\" name=\"form_id\" value=\"8b800fa\"\/>\n\t\t\t<input type=\"hidden\" name=\"referer_title\" value=\"Bli agent - APS Money Transfer Service\" \/>\n\n\t\t\t\t\t\t\t<input type=\"hidden\" name=\"queried_id\" value=\"4962\"\/>\n\t\t\t\n\t\t\t<div class=\"elementor-form-fields-wrapper elementor-labels-above\">\n\t\t\t\t\t\t\t\t<div class=\"elementor-field-type-text elementor-field-group elementor-column elementor-field-group-name elementor-col-100 elementor-field-required\">\n\t\t\t\t\t\t\t\t\t\t\t\t<label for=\"form-field-name\" class=\"elementor-field-label\">\n\t\t\t\t\t\t\t\tFullst\u00e4ndiga namn\t\t\t\t\t\t\t<\/label>\n\t\t\t\t\t\t\t\t\t\t\t\t\t\t<input size=\"1\" type=\"text\" name=\"form_fields[name]\" id=\"form-field-name\" class=\"elementor-field elementor-size-sm  elementor-field-textual\" required=\"required\">\n\t\t\t\t\t\t\t\t\t\t\t<\/div>\n\t\t\t\t\t\t\t\t<div class=\"elementor-field-type-text elementor-field-group elementor-column elementor-field-group-field_213eaf6 elementor-col-100 elementor-field-required\">\n\t\t\t\t\t\t\t\t\t\t\t\t<label for=\"form-field-field_213eaf6\" class=\"elementor-field-label\">\n\t\t\t\t\t\t\t\tAdress\t\t\t\t\t\t\t<\/label>\n\t\t\t\t\t\t\t\t\t\t\t\t\t\t<input size=\"1\" type=\"text\" name=\"form_fields[field_213eaf6]\" id=\"form-field-field_213eaf6\" class=\"elementor-field elementor-size-sm  elementor-field-textual\" required=\"required\">\n\t\t\t\t\t\t\t\t\t\t\t<\/div>\n\t\t\t\t\t\t\t\t<div class=\"elementor-field-type-text elementor-field-group elementor-column elementor-field-group-field_7971a37 elementor-col-100 elementor-field-required\">\n\t\t\t\t\t\t\t\t\t\t\t\t<label for=\"form-field-field_7971a37\" class=\"elementor-field-label\">\n\t\t\t\t\t\t\t\tBostadsland\t\t\t\t\t\t\t<\/label>\n\t\t\t\t\t\t\t\t\t\t\t\t\t\t<input size=\"1\" type=\"text\" name=\"form_fields[field_7971a37]\" id=\"form-field-field_7971a37\" class=\"elementor-field elementor-size-sm  elementor-field-textual\" required=\"required\">\n\t\t\t\t\t\t\t\t\t\t\t<\/div>\n\t\t\t\t\t\t\t\t<div class=\"elementor-field-type-email elementor-field-group elementor-column elementor-field-group-email elementor-col-100 elementor-field-required\">\n\t\t\t\t\t\t\t\t\t\t\t\t<label for=\"form-field-email\" class=\"elementor-field-label\">\n\t\t\t\t\t\t\t\tEmail\t\t\t\t\t\t\t<\/label>\n\t\t\t\t\t\t\t\t\t\t\t\t\t\t<input size=\"1\" type=\"email\" name=\"form_fields[email]\" id=\"form-field-email\" class=\"elementor-field elementor-size-sm  elementor-field-textual\" required=\"required\">\n\t\t\t\t\t\t\t\t\t\t\t<\/div>\n\t\t\t\t\t\t\t\t<div class=\"elementor-field-type-text elementor-field-group elementor-column elementor-field-group-field_e0b1eb1 elementor-col-100 elementor-field-required\">\n\t\t\t\t\t\t\t\t\t\t\t\t<label for=\"form-field-field_e0b1eb1\" class=\"elementor-field-label\">\n\t\t\t\t\t\t\t\tTelefonnummer\t\t\t\t\t\t\t<\/label>\n\t\t\t\t\t\t\t\t\t\t\t\t\t\t<input size=\"1\" type=\"text\" name=\"form_fields[field_e0b1eb1]\" id=\"form-field-field_e0b1eb1\" class=\"elementor-field elementor-size-sm  elementor-field-textual\" required=\"required\">\n\t\t\t\t\t\t\t\t\t\t\t<\/div>\n\t\t\t\t\t\t\t\t<div class=\"elementor-field-type-select elementor-field-group elementor-column elementor-field-group-field_631929f elementor-col-100 elementor-field-required\">\n\t\t\t\t\t\t\t\t\t\t\t\t<label for=\"form-field-field_631929f\" class=\"elementor-field-label\">\n\t\t\t\t\t\t\t\tErfarenhet av penning\u00f6verf\u00f6ringssektorn\t\t\t\t\t\t\t<\/label>\n\t\t\t\t\t\t\t\t<div class=\"elementor-field elementor-select-wrapper remove-before \">\n\t\t\t<div class=\"select-caret-down-wrapper\">\n\t\t\t\t<i aria-hidden=\"true\" class=\"eicon-caret-down\"><\/i>\t\t\t<\/div>\n\t\t\t<select name=\"form_fields[field_631929f]\" id=\"form-field-field_631929f\" class=\"elementor-field-textual elementor-size-sm\" required=\"required\">\n\t\t\t\t\t\t\t\t\t<option value=\"V\u00e4nligen v\u00e4lj\">V\u00e4nligen v\u00e4lj<\/option>\n\t\t\t\t\t\t\t\t\t<option value=\"Ny f\u00f6rr\u00e4tt (ingen erfarenhet)\">Ny f\u00f6rr\u00e4tt (ingen erfarenhet)<\/option>\n\t\t\t\t\t\t\t\t\t<option value=\"1-12 m\u00e5nader\">1-12 m\u00e5nader<\/option>\n\t\t\t\t\t\t\t\t\t<option value=\"1-3 \u00e5r\">1-3 \u00e5r<\/option>\n\t\t\t\t\t\t\t\t\t<option value=\"3-5 \u00e5r\">3-5 \u00e5r<\/option>\n\t\t\t\t\t\t\t\t\t<option value=\"Mer \u00e4n 5 \u00e5r\">Mer \u00e4n 5 \u00e5r<\/option>\n\t\t\t\t\t\t\t<\/select>\n\t\t<\/div>\n\t\t\t\t\t\t<\/div>\n\t\t\t\t\t\t\t\t<div class=\"elementor-field-type-text elementor-field-group elementor-column elementor-field-group-field_0606a23 elementor-col-100 elementor-field-required\">\n\t\t\t\t\t\t\t\t\t\t\t\t<label for=\"form-field-field_0606a23\" class=\"elementor-field-label\">\n\t\t\t\t\t\t\t\tN\u00e4r skulle du vilja starta byr\u00e5n eller partnerskapet? ( V\u00e4nligen ange mm\/\u00e5\u00e5) , t.ex. juni 2017\t\t\t\t\t\t\t<\/label>\n\t\t\t\t\t\t\t\t\t\t\t\t\t\t<input size=\"1\" type=\"text\" name=\"form_fields[field_0606a23]\" id=\"form-field-field_0606a23\" class=\"elementor-field elementor-size-sm  elementor-field-textual\" required=\"required\">\n\t\t\t\t\t\t\t\t\t\t\t<\/div>\n\t\t\t\t\t\t\t\t<div class=\"elementor-field-type-select elementor-field-group elementor-column elementor-field-group-field_ff7e353 elementor-col-100 elementor-field-required\">\n\t\t\t\t\t\t\t\t\t\t\t\t<label for=\"form-field-field_ff7e353\" class=\"elementor-field-label\">\n\t\t\t\t\t\t\t\tHur h\u00f6rde du talas om oss\t\t\t\t\t\t\t<\/label>\n\t\t\t\t\t\t\t\t<div class=\"elementor-field elementor-select-wrapper remove-before \">\n\t\t\t<div class=\"select-caret-down-wrapper\">\n\t\t\t\t<i aria-hidden=\"true\" class=\"eicon-caret-down\"><\/i>\t\t\t<\/div>\n\t\t\t<select name=\"form_fields[field_ff7e353]\" id=\"form-field-field_ff7e353\" class=\"elementor-field-textual elementor-size-sm\" required=\"required\">\n\t\t\t\t\t\t\t\t\t<option value=\"V\u00e4nligen v\u00e4lj\">V\u00e4nligen v\u00e4lj<\/option>\n\t\t\t\t\t\t\t\t\t<option value=\"APS International Ltd Agents Partners\">APS International Ltd Agents Partners<\/option>\n\t\t\t\t\t\t\t\t\t<option value=\"Radio\/TV-kampanjer\">Radio\/TV-kampanjer<\/option>\n\t\t\t\t\t\t\t\t\t<option value=\"Sociala medier\/online (Facebook, Twitter, webbplatser, s\u00f6kmotorresultat)\">Sociala medier\/online (Facebook, Twitter, webbplatser, s\u00f6kmotorresultat)<\/option>\n\t\t\t\t\t\t\t\t\t<option value=\"\u00d6vrig\">\u00d6vrig<\/option>\n\t\t\t\t\t\t\t<\/select>\n\t\t<\/div>\n\t\t\t\t\t\t<\/div>\n\t\t\t\t\t\t\t\t<div class=\"elementor-field-type-textarea elementor-field-group elementor-column elementor-field-group-field_6da702e elementor-col-100\">\n\t\t\t\t\t\t\t\t\t\t\t\t<label for=\"form-field-field_6da702e\" class=\"elementor-field-label\">\n\t\t\t\t\t\t\t\tKommentar eller meddelande\t\t\t\t\t\t\t<\/label>\n\t\t\t\t\t\t<textarea class=\"elementor-field-textual elementor-field  elementor-size-sm\" name=\"form_fields[field_6da702e]\" id=\"form-field-field_6da702e\" rows=\"4\"><\/textarea>\t\t\t\t<\/div>\n\t\t\t\t\t\t\t\t<div class=\"elementor-field-type-recaptcha elementor-field-group elementor-column elementor-field-group-field_7764030 elementor-col-100\">\n\t\t\t\t\t<div class=\"elementor-field\" id=\"form-field-field_7764030\"><div class=\"elementor-g-recaptcha\" data-sitekey=\"6LfTp34gAAAAAOnpuZpMWrlV4AEqD20YjN2xjDSJ\" data-type=\"v2_checkbox\" data-theme=\"light\" data-size=\"normal\"><\/div><\/div>\t\t\t\t<\/div>\n\t\t\t\t\t\t\t\t<div class=\"elementor-field-group elementor-column elementor-field-type-submit elementor-col-100 e-form__buttons\">\n\t\t\t\t\t<button class=\"elementor-button elementor-size-sm\" type=\"submit\">\n\t\t\t\t\t\t<span class=\"elementor-button-content-wrapper\">\n\t\t\t\t\t\t\t\t\t\t\t\t\t\t\t\t\t\t\t\t\t\t<span class=\"elementor-button-text\">Skicka<\/span>\n\t\t\t\t\t\t\t\t\t\t\t\t\t<\/span>\n\t\t\t\t\t<\/button>\n\t\t\t\t<\/div>\n\t\t\t<\/div>\n\t\t<\/form>\n\t\t\t\t\t\t<\/div>\n\t\t\t\t<\/div>\n\t\t\t\t\t<\/div>\n\t\t<\/div>\n\t\t\t\t\t<\/div>\n\t\t<\/section>\n\t\t\t\t<\/div>\n\t\t","protected":false},"excerpt":{"rendered":"<p>Bli agent G\u00e5 med i v\u00e5rt lag APS International Ltd letar alltid efter proffs f\u00f6r att g\u00e5 med i v\u00e5rt n\u00e4tverk och hj\u00e4lpa oss att hj\u00e4lpa v\u00e5ra kunder att skicka pengar \u00f6ver hela v\u00e4rlden. &nbsp; Fyll i formul\u00e4ret nedan f\u00f6r att l\u00e4ra dig mer, om m\u00f6jligheterna s\u00e5 kontaktar vi dig direkt. APS International LTD Agentans\u00f6kningsformul\u00e4r<\/p>\n","protected":false},"author":1,"featured_media":0,"parent":0,"menu_order":0,"comment_status":"closed","ping_status":"closed","template":"elementor_header_footer","meta":{"_acf_changed":false,"inline_featured_image":false,"footnotes":""},"class_list":["post-4962","page","type-page","status-publish","hentry"],"acf":[],"_links":{"self":[{"href":"https:\/\/apsinternational.com\/sv\/wp-json\/wp\/v2\/pages\/4962","targetHints":{"allow":["GET"]}}],"collection":[{"href":"https:\/\/apsinternational.com\/sv\/wp-json\/wp\/v2\/pages"}],"about":[{"href":"https:\/\/apsinternational.com\/sv\/wp-json\/wp\/v2\/types\/page"}],"author":[{"embeddable":true,"href":"https:\/\/apsinternational.com\/sv\/wp-json\/wp\/v2\/users\/1"}],"replies":[{"embeddable":true,"href":"https:\/\/apsinternational.com\/sv\/wp-json\/wp\/v2\/comments?post=4962"}],"version-history":[{"count":1,"href":"https:\/\/apsinternational.com\/sv\/wp-json\/wp\/v2\/pages\/4962\/revisions"}],"predecessor-version":[{"id":4963,"href":"https:\/\/apsinternational.com\/sv\/wp-json\/wp\/v2\/pages\/4962\/revisions\/4963"}],"wp:attachment":[{"href":"https:\/\/apsinternational.com\/sv\/wp-json\/wp\/v2\/media?parent=4962"}],"curies":[{"name":"wp","href":"https:\/\/api.w.org\/{rel}","templated":true}]}}