
{"id":4965,"date":"2022-04-11T23:23:15","date_gmt":"2022-04-11T23:23:15","guid":{"rendered":"https:\/\/apsinternational.com\/efterlevnad\/"},"modified":"2026-03-02T18:45:59","modified_gmt":"2026-03-02T18:45:59","slug":"efterlevnad","status":"publish","type":"page","link":"https:\/\/apsinternational.com\/sv\/efterlevnad\/","title":{"rendered":"Efterlevnad"},"content":{"rendered":"\t\t<div data-elementor-type=\"wp-page\" data-elementor-id=\"4965\" class=\"elementor elementor-4965 elementor-2126\" data-elementor-post-type=\"page\">\n\t\t\t\t\t\t<section class=\"has_eae_slider elementor-section elementor-top-section elementor-element elementor-element-556b723 elementor-section-height-min-height elementor-section-content-middle elementor-section-boxed elementor-section-height-default elementor-section-items-middle\" data-eae-slider=\"465\" data-id=\"556b723\" data-element_type=\"section\" data-e-type=\"section\" data-settings=\"{&quot;background_background&quot;:&quot;classic&quot;,&quot;shape_divider_bottom&quot;:&quot;triangle&quot;}\">\n\t\t\t\t\t\t\t<div class=\"elementor-background-overlay\"><\/div>\n\t\t\t\t\t\t<div class=\"elementor-shape elementor-shape-bottom\" aria-hidden=\"true\" data-negative=\"false\">\n\t\t\t<svg xmlns=\"http:\/\/www.w3.org\/2000\/svg\" viewBox=\"0 0 1000 100\" preserveAspectRatio=\"none\">\n\t<path class=\"elementor-shape-fill\" d=\"M500,98.9L0,6.1V0h1000v6.1L500,98.9z\"\/>\n<\/svg>\t\t<\/div>\n\t\t\t\t\t<div class=\"elementor-container elementor-column-gap-no\">\n\t\t\t\t\t<div class=\"has_eae_slider elementor-column elementor-col-50 elementor-top-column elementor-element elementor-element-7ec1f0b\" data-eae-slider=\"16296\" data-id=\"7ec1f0b\" data-element_type=\"column\" data-e-type=\"column\">\n\t\t\t<div class=\"elementor-widget-wrap elementor-element-populated\">\n\t\t\t\t\t\t<div class=\"elementor-element elementor-element-7ed6a4a elementor-widget elementor-widget-heading\" data-id=\"7ed6a4a\" data-element_type=\"widget\" data-e-type=\"widget\" data-widget_type=\"heading.default\">\n\t\t\t\t<div class=\"elementor-widget-container\">\n\t\t\t\t\t<h1 class=\"elementor-heading-title elementor-size-default\">Efterlevnad<\/h1>\t\t\t\t<\/div>\n\t\t\t\t<\/div>\n\t\t\t\t\t<\/div>\n\t\t<\/div>\n\t\t\t\t<div class=\"has_eae_slider elementor-column elementor-col-50 elementor-top-column elementor-element elementor-element-958c232\" data-eae-slider=\"63975\" data-id=\"958c232\" data-element_type=\"column\" data-e-type=\"column\">\n\t\t\t<div class=\"elementor-widget-wrap\">\n\t\t\t\t\t\t\t<\/div>\n\t\t<\/div>\n\t\t\t\t\t<\/div>\n\t\t<\/section>\n\t\t\t\t<section class=\"has_eae_slider elementor-section elementor-top-section elementor-element elementor-element-aa1162d elementor-section-height-min-height elementor-section-boxed elementor-section-height-default elementor-section-items-middle\" data-eae-slider=\"14403\" data-id=\"aa1162d\" data-element_type=\"section\" data-e-type=\"section\">\n\t\t\t\t\t\t<div class=\"elementor-container elementor-column-gap-no\">\n\t\t\t\t\t<div class=\"has_eae_slider elementor-column elementor-col-100 elementor-top-column elementor-element elementor-element-d114ee7\" data-eae-slider=\"75182\" data-id=\"d114ee7\" data-element_type=\"column\" data-e-type=\"column\" data-settings=\"{&quot;background_background&quot;:&quot;classic&quot;}\">\n\t\t\t<div class=\"elementor-widget-wrap elementor-element-populated\">\n\t\t\t\t\t\t<section class=\"has_eae_slider elementor-section elementor-inner-section elementor-element elementor-element-dc7ac74 elementor-section-boxed elementor-section-height-default elementor-section-height-default\" data-eae-slider=\"8647\" data-id=\"dc7ac74\" data-element_type=\"section\" data-e-type=\"section\">\n\t\t\t\t\t\t<div class=\"elementor-container elementor-column-gap-no\">\n\t\t\t\t\t<div class=\"has_eae_slider elementor-column elementor-col-50 elementor-inner-column elementor-element elementor-element-98fdc92\" data-eae-slider=\"71146\" data-id=\"98fdc92\" data-element_type=\"column\" data-e-type=\"column\">\n\t\t\t<div class=\"elementor-widget-wrap elementor-element-populated\">\n\t\t\t\t\t\t<div class=\"elementor-element elementor-element-bba245f elementor-widget elementor-widget-heading\" data-id=\"bba245f\" data-element_type=\"widget\" data-e-type=\"widget\" data-widget_type=\"heading.default\">\n\t\t\t\t<div class=\"elementor-widget-container\">\n\t\t\t\t\t<h2 class=\"elementor-heading-title elementor-size-default\">H\u00e5ll dig ekonomiskt s\u00e4ker<\/h2>\t\t\t\t<\/div>\n\t\t\t\t<\/div>\n\t\t\t\t<div class=\"elementor-element elementor-element-eaeb4f9 elementor-widget elementor-widget-text-editor\" data-id=\"eaeb4f9\" data-element_type=\"widget\" data-e-type=\"widget\" data-widget_type=\"text-editor.default\">\n\t\t\t\t<div class=\"elementor-widget-container\">\n\t\t\t\t\t\t\t\t\t<p>P\u00e5 APS tar vi s\u00e4kerheten och sekretessen f\u00f6r dina uppgifter p\u00e5 allvar. Vi vidtar stegen f\u00f6r att veta vem som anv\u00e4nder v\u00e5r tj\u00e4nst. Vi vill att du ska k\u00e4nna dig trygg och s\u00e4ker n\u00e4r du skickar pengar med v\u00e5r onlinetj\u00e4nst.<\/p>\n<p>&nbsp;<\/p>\n<p>V\u00e5rt efterlevnadsprotokoll, principer och procedurer \u00f6verensst\u00e4mmer som ett minimum med regulatoriska och branschkrav. APS f\u00f6ljer praxis och policyer som uppfyller b\u00e5de juridiska och etiska standarder.<\/p>\n<p>&nbsp;<\/p>\n<p>&nbsp;<\/p>\n<p>P\u00e5 APS Att k\u00e4nna till v\u00e5ra kunder \u00e4r en viktig del av v\u00e5r process mot penningtv\u00e4tt (AML). Detta inkluderar identifiering och autentisering av alla v\u00e5ra kunder under registreringsprocessen. Detta f\u00f6r att s\u00e4kerst\u00e4lla att v\u00e5ra KYC-procedurer f\u00f6ljs strikt i linje med v\u00e5ra regulatoriska krav.<\/p>\n\t\t\t\t\t\t\t\t<\/div>\n\t\t\t\t<\/div>\n\t\t\t\t\t<\/div>\n\t\t<\/div>\n\t\t\t\t<div class=\"has_eae_slider elementor-column elementor-col-50 elementor-inner-column elementor-element elementor-element-c6f41fa elementor-hidden-mobile\" data-eae-slider=\"29316\" data-id=\"c6f41fa\" data-element_type=\"column\" data-e-type=\"column\" data-settings=\"{&quot;background_background&quot;:&quot;classic&quot;}\">\n\t\t\t<div class=\"elementor-widget-wrap elementor-element-populated\">\n\t\t\t\t\t\t<div class=\"elementor-element elementor-element-0f453fe elementor-widget elementor-widget-image\" data-id=\"0f453fe\" data-element_type=\"widget\" data-e-type=\"widget\" data-widget_type=\"image.default\">\n\t\t\t\t<div class=\"elementor-widget-container\">\n\t\t\t\t\t\t\t\t\t\t\t\t\t\t\t<img fetchpriority=\"high\" decoding=\"async\" width=\"1920\" height=\"1280\" src=\"https:\/\/apsinternational.com\/wp-content\/uploads\/2022\/04\/pexels-rodnae-productions-7821514.jpeg\" class=\"attachment-full size-full wp-image-4932\" alt=\"\" srcset=\"https:\/\/apsinternational.com\/wp-content\/uploads\/2022\/04\/pexels-rodnae-productions-7821514.jpeg 1920w, https:\/\/apsinternational.com\/wp-content\/uploads\/2022\/04\/pexels-rodnae-productions-7821514-300x200.jpeg 300w, https:\/\/apsinternational.com\/wp-content\/uploads\/2022\/04\/pexels-rodnae-productions-7821514-1024x683.jpeg 1024w, https:\/\/apsinternational.com\/wp-content\/uploads\/2022\/04\/pexels-rodnae-productions-7821514-768x512.jpeg 768w, https:\/\/apsinternational.com\/wp-content\/uploads\/2022\/04\/pexels-rodnae-productions-7821514-1536x1024.jpeg 1536w\" sizes=\"(max-width: 1920px) 100vw, 1920px\" \/>\t\t\t\t\t\t\t\t\t\t\t\t\t\t\t<\/div>\n\t\t\t\t<\/div>\n\t\t\t\t\t<\/div>\n\t\t<\/div>\n\t\t\t\t\t<\/div>\n\t\t<\/section>\n\t\t\t\t\t<\/div>\n\t\t<\/div>\n\t\t\t\t\t<\/div>\n\t\t<\/section>\n\t\t\t\t<section class=\"has_eae_slider elementor-section elementor-top-section elementor-element elementor-element-19daa48 elementor-section-full_width elementor-section-height-min-height elementor-section-height-default elementor-section-items-middle\" data-eae-slider=\"44337\" data-id=\"19daa48\" data-element_type=\"section\" data-e-type=\"section\" data-settings=\"{&quot;background_background&quot;:&quot;classic&quot;,&quot;shape_divider_top&quot;:&quot;triangle&quot;,&quot;shape_divider_bottom&quot;:&quot;triangle&quot;}\">\n\t\t\t\t\t\t\t<div class=\"elementor-background-overlay\"><\/div>\n\t\t\t\t\t\t<div class=\"elementor-shape elementor-shape-top\" aria-hidden=\"true\" data-negative=\"false\">\n\t\t\t<svg xmlns=\"http:\/\/www.w3.org\/2000\/svg\" viewBox=\"0 0 1000 100\" preserveAspectRatio=\"none\">\n\t<path class=\"elementor-shape-fill\" d=\"M500,98.9L0,6.1V0h1000v6.1L500,98.9z\"\/>\n<\/svg>\t\t<\/div>\n\t\t\t\t<div class=\"elementor-shape elementor-shape-bottom\" aria-hidden=\"true\" data-negative=\"false\">\n\t\t\t<svg xmlns=\"http:\/\/www.w3.org\/2000\/svg\" viewBox=\"0 0 1000 100\" preserveAspectRatio=\"none\">\n\t<path class=\"elementor-shape-fill\" d=\"M500,98.9L0,6.1V0h1000v6.1L500,98.9z\"\/>\n<\/svg>\t\t<\/div>\n\t\t\t\t\t<div class=\"elementor-container elementor-column-gap-no\">\n\t\t\t\t\t<div class=\"has_eae_slider elementor-column elementor-col-100 elementor-top-column elementor-element elementor-element-ed7e20e\" data-eae-slider=\"88200\" data-id=\"ed7e20e\" data-element_type=\"column\" data-e-type=\"column\">\n\t\t\t<div class=\"elementor-widget-wrap elementor-element-populated\">\n\t\t\t\t\t\t<section class=\"has_eae_slider elementor-section elementor-inner-section elementor-element elementor-element-3fc8488 elementor-section-boxed elementor-section-height-default elementor-section-height-default\" data-eae-slider=\"86586\" data-id=\"3fc8488\" data-element_type=\"section\" data-e-type=\"section\">\n\t\t\t\t\t\t<div class=\"elementor-container elementor-column-gap-default\">\n\t\t\t\t\t<div class=\"has_eae_slider elementor-column elementor-col-50 elementor-inner-column elementor-element elementor-element-1029f9a\" data-eae-slider=\"58827\" data-id=\"1029f9a\" data-element_type=\"column\" data-e-type=\"column\">\n\t\t\t<div class=\"elementor-widget-wrap elementor-element-populated\">\n\t\t\t\t\t\t<div class=\"elementor-element elementor-element-01852cf elementor-widget elementor-widget-heading\" data-id=\"01852cf\" data-element_type=\"widget\" data-e-type=\"widget\" data-widget_type=\"heading.default\">\n\t\t\t\t<div class=\"elementor-widget-container\">\n\t\t\t\t\t<h3 class=\"elementor-heading-title elementor-size-default\">g\u00f6r det inte<\/h3>\t\t\t\t<\/div>\n\t\t\t\t<\/div>\n\t\t\t\t<div class=\"elementor-element elementor-element-c835b48 elementor-widget elementor-widget-text-editor\" data-id=\"c835b48\" data-element_type=\"widget\" data-e-type=\"widget\" data-widget_type=\"text-editor.default\">\n\t\t\t\t<div class=\"elementor-widget-container\">\n\t\t\t\t\t\t\t\t\t<ul>\n<li>Skicka aldrig pengar till en fr\u00e4mling med hj\u00e4lp av en penga\u00f6verf\u00f6ringstj\u00e4nst.<\/li>\n<li>Akta dig f\u00f6r erbjudanden eller m\u00f6jligheter som verkar f\u00f6r bra f\u00f6r att vara sanna, som bottenpriser p\u00e5 dyra eller sv\u00e5ra att hitta varor.<\/li>\n<li>Anv\u00e4nd inte \u00f6verf\u00f6ringstj\u00e4nster f\u00f6r att betala f\u00f6r saker som k\u00f6p p\u00e5 auktioner online.<\/li>\n<li>Skicka aldrig pengar f\u00f6r att betala skatter eller avgifter p\u00e5 utl\u00e4ndska lotterivinster.<\/li>\n<li>Du s\u00e4ljer varor och f\u00e5r en check p\u00e5 mycket mer \u00e4n ditt beg\u00e4rda pris, men du uppmanas att skicka tillbaka det extra beloppet genom penga\u00f6verf\u00f6ring.<\/li>\n<li>Du erbjuds ett l\u00e5gkostnadsl\u00e5n men m\u00e5ste betala avgifter i f\u00f6rskott eller de f\u00f6rsta l\u00e5nebetalningarna med hj\u00e4lp av \u00f6verf\u00f6ringstj\u00e4nster.<\/li>\n<li>Du f\u00e5r ett samtal fr\u00e5n n\u00e5gon som p\u00e5st\u00e5r sig vara polis eller sjukhusanst\u00e4lld som ber om pengar f\u00f6r borgen eller medicinsk behandling av en n\u00e4rst\u00e5ende.<\/li>\n<li>Du svarar p\u00e5 en jobbannons f\u00f6r en Mystery Shopper och som en del av jobbet f\u00e5r du en check och ombeds att betala tillbaka pengar. \u00c4ven om en bank st\u00e4ller pengar till f\u00f6rfogande betyder det inte att checken eller postanvisningen rensas. Det kan ta veckor innan en falsk check eller postanvisning uppt\u00e4cks, d\u00e5 kan banken dra av det belopp som ursprungligen satts in p\u00e5 ditt konto.<\/li>\n<\/ul>\n\t\t\t\t\t\t\t\t<\/div>\n\t\t\t\t<\/div>\n\t\t\t\t\t<\/div>\n\t\t<\/div>\n\t\t\t\t<div class=\"has_eae_slider elementor-column elementor-col-50 elementor-inner-column elementor-element elementor-element-2309a48\" data-eae-slider=\"49332\" data-id=\"2309a48\" data-element_type=\"column\" data-e-type=\"column\">\n\t\t\t<div class=\"elementor-widget-wrap elementor-element-populated\">\n\t\t\t\t\t\t<div class=\"elementor-element elementor-element-f3ce9cf elementor-widget elementor-widget-heading\" data-id=\"f3ce9cf\" data-element_type=\"widget\" data-e-type=\"widget\" data-widget_type=\"heading.default\">\n\t\t\t\t<div class=\"elementor-widget-container\">\n\t\t\t\t\t<h3 class=\"elementor-heading-title elementor-size-default\">G\u00f6ra<\/h3>\t\t\t\t<\/div>\n\t\t\t\t<\/div>\n\t\t\t\t<div class=\"elementor-element elementor-element-fbf4d45 elementor-widget elementor-widget-text-editor\" data-id=\"fbf4d45\" data-element_type=\"widget\" data-e-type=\"widget\" data-widget_type=\"text-editor.default\">\n\t\t\t\t<div class=\"elementor-widget-container\">\n\t\t\t\t\t\t\t\t\t<ul>\n<li>K\u00e4nn personen du skickar pengar till.<\/li>\n<li>K\u00f6p varor och tj\u00e4nster fr\u00e5n k\u00e4nda och p\u00e5litliga k\u00e4llor.<\/li>\n<li>Undvik att betala f\u00f6r onlineauktionsk\u00f6p genom penga\u00f6verf\u00f6ring.<\/li>\n<li>Var extra f\u00f6rsiktig om du k\u00f6per eller s\u00e4ljer f\u00f6rem\u00e5l till n\u00e5gon utanf\u00f6r ditt land, s\u00e4rskilt n\u00e4r du k\u00f6per popul\u00e4ra f\u00f6rem\u00e5l med h\u00f6ga pund.<\/li>\n<li>Avbryt alla transaktioner om n\u00e5gon coachar dig om hur du ska svara p\u00e5 fr\u00e5gor som st\u00e4lls av Approve Services. Detta \u00e4r ett s\u00e4kert tecken p\u00e5 bedr\u00e4geri<\/li>\n<li>Kom ih\u00e5g: Tj\u00e4nsten Approve Services Money Transfer \u00e4r ett utm\u00e4rkt s\u00e4tt att skicka pengar till personer du k\u00e4nner och litar p\u00e5. Det \u00e4r inte avsett att skicka pengar till n\u00e5gon du inte k\u00e4nner.<\/li>\n<\/ul>\n\t\t\t\t\t\t\t\t<\/div>\n\t\t\t\t<\/div>\n\t\t\t\t<div class=\"elementor-element elementor-element-281efaf elementor-widget elementor-widget-text-editor\" data-id=\"281efaf\" data-element_type=\"widget\" data-e-type=\"widget\" data-widget_type=\"text-editor.default\">\n\t\t\t\t<div class=\"elementor-widget-container\">\n\t\t\t\t\t\t\t\t\t<p>Att skicka pengar med ett fiktivt mottagarnamn skyddar dig inte n\u00e4r du g\u00f6r aff\u00e4rer med en fr\u00e4mling<\/p>\n\t\t\t\t\t\t\t\t<\/div>\n\t\t\t\t<\/div>\n\t\t\t\t\t<\/div>\n\t\t<\/div>\n\t\t\t\t\t<\/div>\n\t\t<\/section>\n\t\t\t\t\t<\/div>\n\t\t<\/div>\n\t\t\t\t\t<\/div>\n\t\t<\/section>\n\t\t\t\t<section class=\"has_eae_slider elementor-section elementor-top-section elementor-element elementor-element-70020e91 elementor-section-content-middle elementor-section-full_width elementor-section-height-default elementor-section-height-default\" data-eae-slider=\"24464\" data-id=\"70020e91\" data-element_type=\"section\" data-e-type=\"section\">\n\t\t\t\t\t\t<div class=\"elementor-container elementor-column-gap-no\">\n\t\t\t\t\t<div class=\"has_eae_slider elementor-column elementor-col-50 elementor-top-column elementor-element elementor-element-18c69758\" data-eae-slider=\"88942\" data-id=\"18c69758\" data-element_type=\"column\" data-e-type=\"column\">\n\t\t\t<div class=\"elementor-widget-wrap elementor-element-populated\">\n\t\t\t\t\t\t<div class=\"elementor-element elementor-element-1028128e elementor-widget elementor-widget-heading\" data-id=\"1028128e\" data-element_type=\"widget\" data-e-type=\"widget\" data-widget_type=\"heading.default\">\n\t\t\t\t<div class=\"elementor-widget-container\">\n\t\t\t\t\t<h4 class=\"elementor-heading-title elementor-size-default\">EFTERLEVANDE<\/h4>\t\t\t\t<\/div>\n\t\t\t\t<\/div>\n\t\t\t\t<div class=\"elementor-element elementor-element-65526e6 elementor-widget-divider--view-line elementor-widget elementor-widget-divider\" data-id=\"65526e6\" data-element_type=\"widget\" data-e-type=\"widget\" data-widget_type=\"divider.default\">\n\t\t\t\t<div class=\"elementor-widget-container\">\n\t\t\t\t\t\t\t<div class=\"elementor-divider\">\n\t\t\t<span class=\"elementor-divider-separator\">\n\t\t\t\t\t\t<\/span>\n\t\t<\/div>\n\t\t\t\t\t\t<\/div>\n\t\t\t\t<\/div>\n\t\t\t\t\t<\/div>\n\t\t<\/div>\n\t\t\t\t<div class=\"has_eae_slider elementor-column elementor-col-50 elementor-top-column elementor-element elementor-element-5ac2a9b0\" data-eae-slider=\"27495\" data-id=\"5ac2a9b0\" data-element_type=\"column\" data-e-type=\"column\">\n\t\t\t<div class=\"elementor-widget-wrap elementor-element-populated\">\n\t\t\t\t\t\t<div class=\"elementor-element elementor-element-65383aa elementor-widget elementor-widget-text-editor\" data-id=\"65383aa\" data-element_type=\"widget\" data-e-type=\"widget\" data-widget_type=\"text-editor.default\">\n\t\t\t\t<div class=\"elementor-widget-container\">\n\t\t\t\t\t\t\t\t\t<p>Eftersom vi \u00e4r fullt auktoriserade och reglerade \u00e4r vi enligt lag skyldiga att beh\u00e5lla (p\u00e5 fil) original eller certifierade bevis p\u00e5 identifiering och fysisk adressinformation f\u00f6r alla kunder. F\u00f6r alla transaktioner \u00f6ver \u00a34 000 p\u00e5 30 dagar m\u00e5ste st\u00f6ddokumentation f\u00f6r \u00f6verf\u00f6ringen tillhandah\u00e5llas.<\/p>\n<p>Denna dokumentation lagras p\u00e5 en s\u00e4ker plats och inga transaktionsdetaljer l\u00e4mnas n\u00e5gonsin till tredje part.<\/p>\n<p>Vi \u00e4r auktoriserade och reglerade av The Financial Conduct Authority (FCA); f\u00f6retagsreferensnummer 566523 och Her Majesty\u2019s Revenue and Custom (HMRC) registreringsnummer 12480742. Vi \u00e4r bundna av Data Protection Act 1998\/GDPR 2018 (Informationskommission\u00e4rens kontor \u2013 ICO) registreringsnummer ZA15338.<\/p>\n\t\t\t\t\t\t\t\t<\/div>\n\t\t\t\t<\/div>\n\t\t\t\t\t<\/div>\n\t\t<\/div>\n\t\t\t\t\t<\/div>\n\t\t<\/section>\n\t\t\t\t<section class=\"has_eae_slider elementor-section elementor-top-section elementor-element elementor-element-d743f27 elementor-section-content-middle elementor-section-full_width elementor-section-height-default elementor-section-height-default\" data-eae-slider=\"6144\" data-id=\"d743f27\" data-element_type=\"section\" data-e-type=\"section\" data-settings=\"{&quot;background_background&quot;:&quot;classic&quot;}\">\n\t\t\t\t\t\t<div class=\"elementor-container elementor-column-gap-no\">\n\t\t\t\t\t<div class=\"has_eae_slider elementor-column elementor-col-50 elementor-top-column elementor-element elementor-element-25283b8\" data-eae-slider=\"28466\" data-id=\"25283b8\" data-element_type=\"column\" data-e-type=\"column\">\n\t\t\t<div class=\"elementor-widget-wrap elementor-element-populated\">\n\t\t\t\t\t\t<div class=\"elementor-element elementor-element-4232fb1 elementor-widget elementor-widget-heading\" data-id=\"4232fb1\" data-element_type=\"widget\" data-e-type=\"widget\" data-widget_type=\"heading.default\">\n\t\t\t\t<div class=\"elementor-widget-container\">\n\t\t\t\t\t<h4 class=\"elementor-heading-title elementor-size-default\">INTEGRITETSPOLICY<\/h4>\t\t\t\t<\/div>\n\t\t\t\t<\/div>\n\t\t\t\t<div class=\"elementor-element elementor-element-ec52243 elementor-widget-divider--view-line elementor-widget elementor-widget-divider\" data-id=\"ec52243\" data-element_type=\"widget\" data-e-type=\"widget\" data-widget_type=\"divider.default\">\n\t\t\t\t<div class=\"elementor-widget-container\">\n\t\t\t\t\t\t\t<div class=\"elementor-divider\">\n\t\t\t<span class=\"elementor-divider-separator\">\n\t\t\t\t\t\t<\/span>\n\t\t<\/div>\n\t\t\t\t\t\t<\/div>\n\t\t\t\t<\/div>\n\t\t\t\t\t<\/div>\n\t\t<\/div>\n\t\t\t\t<div class=\"has_eae_slider elementor-column elementor-col-50 elementor-top-column elementor-element elementor-element-32e2c13\" data-eae-slider=\"80363\" data-id=\"32e2c13\" data-element_type=\"column\" data-e-type=\"column\">\n\t\t\t<div class=\"elementor-widget-wrap elementor-element-populated\">\n\t\t\t\t\t\t<div class=\"elementor-element elementor-element-aa81c1b elementor-widget elementor-widget-text-editor\" data-id=\"aa81c1b\" data-element_type=\"widget\" data-e-type=\"widget\" data-widget_type=\"text-editor.default\">\n\t\t\t\t<div class=\"elementor-widget-container\">\n\t\t\t\t\t\t\t\t\t<p>V\u00e5r sekretesspolicy beskriver det skydd vi erbjuder v\u00e5ra v\u00e4rdefulla kunder vid avsl\u00f6jandet av information som vi samlar in fr\u00e5n dem under behandlingen av IMT:s. Vi \u00e4r enligt lag skyldiga att samla in kopior av legitimation fr\u00e5n v\u00e5ra kunder som vill g\u00f6ra en internationell penga\u00f6verf\u00f6ring. Vi \u00e4r ocks\u00e5 skyldiga att f\u00f6ra register \u00f6ver alla genomf\u00f6rda transaktioner. Med f\u00f6rbeh\u00e5ll f\u00f6r internationella f\u00f6reskrifter f\u00f6r anti-penningtv\u00e4tt kommer vi inte att avsl\u00f6ja personuppgifter till tredje part om vi inte har gett specifikt tillst\u00e5nd att g\u00f6ra det. I processen f\u00f6r att slutf\u00f6ra penning\u00f6verf\u00f6ringstransaktioner l\u00e4mnas information endast ut till parter som n\u00f6dv\u00e4ndigtvis \u00e4r involverade f\u00f6r att \u00f6verf\u00f6ringen ska kunna genomf\u00f6ras. Vi \u00e4r medvetna om k\u00e4nsligheten i finansiella transaktioner och konfidentialitet \u00e4r nyckeln till v\u00e5r tj\u00e4nst. Vi \u00e4r dock skyldiga enligt lag att rapportera om alla misst\u00e4nkta transaktioner av vilken storlek som helst d\u00e4r vi kan misst\u00e4nka att pengarna kommer fr\u00e5n eller f\u00f6rv\u00e4rvas genom illegala aktiviteter. Detta \u00e4r i enlighet med penningtv\u00e4ttsbest\u00e4mmelserna i Storbritannien.<\/p>\n\t\t\t\t\t\t\t\t<\/div>\n\t\t\t\t<\/div>\n\t\t\t\t\t<\/div>\n\t\t<\/div>\n\t\t\t\t\t<\/div>\n\t\t<\/section>\n\t\t\t\t<section class=\"has_eae_slider elementor-section elementor-top-section elementor-element elementor-element-508369d elementor-section-content-middle elementor-section-full_width elementor-section-height-default elementor-section-height-default\" data-eae-slider=\"6052\" data-id=\"508369d\" data-element_type=\"section\" data-e-type=\"section\" data-settings=\"{&quot;background_background&quot;:&quot;classic&quot;}\">\n\t\t\t\t\t\t<div class=\"elementor-container elementor-column-gap-no\">\n\t\t\t\t\t<div class=\"has_eae_slider elementor-column elementor-col-50 elementor-top-column elementor-element elementor-element-cb31290\" data-eae-slider=\"77569\" data-id=\"cb31290\" data-element_type=\"column\" data-e-type=\"column\">\n\t\t\t<div class=\"elementor-widget-wrap elementor-element-populated\">\n\t\t\t\t\t\t<div class=\"elementor-element elementor-element-e3de4cf elementor-widget elementor-widget-heading\" data-id=\"e3de4cf\" data-element_type=\"widget\" data-e-type=\"widget\" data-widget_type=\"heading.default\">\n\t\t\t\t<div class=\"elementor-widget-container\">\n\t\t\t\t\t<h4 class=\"elementor-heading-title elementor-size-default\">ID-DOKUMENT<\/h4>\t\t\t\t<\/div>\n\t\t\t\t<\/div>\n\t\t\t\t<div class=\"elementor-element elementor-element-571ea19 elementor-widget-divider--view-line elementor-widget elementor-widget-divider\" data-id=\"571ea19\" data-element_type=\"widget\" data-e-type=\"widget\" data-widget_type=\"divider.default\">\n\t\t\t\t<div class=\"elementor-widget-container\">\n\t\t\t\t\t\t\t<div class=\"elementor-divider\">\n\t\t\t<span class=\"elementor-divider-separator\">\n\t\t\t\t\t\t<\/span>\n\t\t<\/div>\n\t\t\t\t\t\t<\/div>\n\t\t\t\t<\/div>\n\t\t\t\t\t<\/div>\n\t\t<\/div>\n\t\t\t\t<div class=\"has_eae_slider elementor-column elementor-col-50 elementor-top-column elementor-element elementor-element-423f17e\" data-eae-slider=\"38889\" data-id=\"423f17e\" data-element_type=\"column\" data-e-type=\"column\">\n\t\t\t<div class=\"elementor-widget-wrap elementor-element-populated\">\n\t\t\t\t\t\t<div class=\"elementor-element elementor-element-3f1b3f3 elementor-widget elementor-widget-text-editor\" data-id=\"3f1b3f3\" data-element_type=\"widget\" data-e-type=\"widget\" data-widget_type=\"text-editor.default\">\n\t\t\t\t<div class=\"elementor-widget-container\">\n\t\t\t\t\t\t\t\t\t<p>Som ett resultat av de senaste lagar som ratificerats av det brittiska parlamentet och som tr\u00e4dde i kraft den 15 december 2007, \u00e4r v\u00e5rt f\u00f6retag nu skyldigt att ta och verifiera kund-ID fr\u00e5n alla kunder som anv\u00e4nder v\u00e5ra tj\u00e4nster mer \u00e4n en g\u00e5ng. Vi betonar att denna lag g\u00e4ller utan undantag f\u00f6r alla Money Transfer-f\u00f6retag baserade i Storbritannien. Vi kr\u00e4ver d\u00e4rf\u00f6r att du, om du vill anv\u00e4nda v\u00e5ra tj\u00e4nster mer \u00e4n en g\u00e5ng, m\u00e5ste tillhandah\u00e5lla oss din legitimation och adressbevis. Detta kan vara ditt pass eller k\u00f6rkort tillsammans med en elr\u00e4kning, bank- eller kreditkortsutdrag (skickat till dig inom de senaste 3 m\u00e5naderna) Informationen i dessa dokument kommer att f\u00f6rbli konfidentiell i v\u00e5ra filer; dokumenten kommer inte att l\u00e4mnas ut till n\u00e5gon tredje part, enligt vad som anges i Data Protection Act, 1998\/GDPR 2018.<\/p>\n<p>Penningtv\u00e4tt \u00e4r ett mycket allvarligt internationellt brott och kunder b\u00f6r notera att alla misst\u00e4nkta transaktioner kommer att rapporteras till l\u00e4mpliga myndigheter utan ytterligare referens. D\u00e4rf\u00f6r ber vi dig att se till att du f\u00f6ljer och tillhandah\u00e5ller all n\u00f6dv\u00e4ndig dokumentation.<\/p>\n\t\t\t\t\t\t\t\t<\/div>\n\t\t\t\t<\/div>\n\t\t\t\t\t<\/div>\n\t\t<\/div>\n\t\t\t\t\t<\/div>\n\t\t<\/section>\n\t\t\t\t<\/div>\n\t\t","protected":false},"excerpt":{"rendered":"<p>Efterlevnad H\u00e5ll dig ekonomiskt s\u00e4ker P\u00e5 APS tar vi s\u00e4kerheten och sekretessen f\u00f6r dina uppgifter p\u00e5 allvar. Vi vidtar stegen f\u00f6r att veta vem som anv\u00e4nder v\u00e5r tj\u00e4nst. Vi vill att du ska k\u00e4nna dig trygg och s\u00e4ker n\u00e4r du skickar pengar med v\u00e5r onlinetj\u00e4nst. &nbsp; V\u00e5rt efterlevnadsprotokoll, principer och procedurer \u00f6verensst\u00e4mmer som ett minimum [&hellip;]<\/p>\n","protected":false},"author":1,"featured_media":0,"parent":0,"menu_order":0,"comment_status":"closed","ping_status":"closed","template":"elementor_header_footer","meta":{"_acf_changed":false,"inline_featured_image":false,"footnotes":""},"class_list":["post-4965","page","type-page","status-publish","hentry"],"acf":[],"_links":{"self":[{"href":"https:\/\/apsinternational.com\/sv\/wp-json\/wp\/v2\/pages\/4965","targetHints":{"allow":["GET"]}}],"collection":[{"href":"https:\/\/apsinternational.com\/sv\/wp-json\/wp\/v2\/pages"}],"about":[{"href":"https:\/\/apsinternational.com\/sv\/wp-json\/wp\/v2\/types\/page"}],"author":[{"embeddable":true,"href":"https:\/\/apsinternational.com\/sv\/wp-json\/wp\/v2\/users\/1"}],"replies":[{"embeddable":true,"href":"https:\/\/apsinternational.com\/sv\/wp-json\/wp\/v2\/comments?post=4965"}],"version-history":[{"count":3,"href":"https:\/\/apsinternational.com\/sv\/wp-json\/wp\/v2\/pages\/4965\/revisions"}],"predecessor-version":[{"id":6298,"href":"https:\/\/apsinternational.com\/sv\/wp-json\/wp\/v2\/pages\/4965\/revisions\/6298"}],"wp:attachment":[{"href":"https:\/\/apsinternational.com\/sv\/wp-json\/wp\/v2\/media?parent=4965"}],"curies":[{"name":"wp","href":"https:\/\/api.w.org\/{rel}","templated":true}]}}