
{"id":5013,"date":"2022-05-05T00:25:38","date_gmt":"2022-05-05T00:25:38","guid":{"rendered":"https:\/\/apsinternational.com\/terms-conditions-aps-sweden\/"},"modified":"2023-04-24T08:18:17","modified_gmt":"2023-04-24T08:18:17","slug":"terms-conditions-aps-sweden","status":"publish","type":"page","link":"https:\/\/apsinternational.com\/sv\/terms-conditions-aps-sweden\/","title":{"rendered":"Terms &#038; Conditions APS Sweden"},"content":{"rendered":"\t\t<div data-elementor-type=\"wp-page\" data-elementor-id=\"5013\" class=\"elementor elementor-5013 elementor-3838\" data-elementor-post-type=\"page\">\n\t\t\t\t\t\t<section class=\"has_eae_slider elementor-section elementor-top-section elementor-element elementor-element-23c4bd19 elementor-section-content-middle elementor-section-boxed elementor-section-height-default elementor-section-height-default\" data-eae-slider=\"11514\" data-id=\"23c4bd19\" data-element_type=\"section\" data-e-type=\"section\">\n\t\t\t\t\t\t<div class=\"elementor-container elementor-column-gap-no\">\n\t\t\t\t\t<div class=\"has_eae_slider elementor-column elementor-col-100 elementor-top-column elementor-element elementor-element-73d89150\" data-eae-slider=\"67049\" data-id=\"73d89150\" data-element_type=\"column\" data-e-type=\"column\">\n\t\t\t<div class=\"elementor-widget-wrap elementor-element-populated\">\n\t\t\t\t\t\t<div class=\"elementor-element elementor-element-8b8871c elementor-widget elementor-widget-heading\" data-id=\"8b8871c\" data-element_type=\"widget\" data-e-type=\"widget\" data-widget_type=\"heading.default\">\n\t\t\t\t<div class=\"elementor-widget-container\">\n\t\t\t\t\t<h1 class=\"elementor-heading-title elementor-size-default\">APS International AB<\/h1>\t\t\t\t<\/div>\n\t\t\t\t<\/div>\n\t\t\t\t<div class=\"elementor-element elementor-element-72f0ee86 elementor-widget elementor-widget-text-editor\" data-id=\"72f0ee86\" data-element_type=\"widget\" data-e-type=\"widget\" data-widget_type=\"text-editor.default\">\n\t\t\t\t<div class=\"elementor-widget-container\">\n\t\t\t\t\t\t\t\t\t<p>APS International AB, ett svenskt aktiebolag (559121-0132)<\/p>\n<p>KLAGOM\u00c5LSHANTERING<br \/>P\u00e5 Bolaget v\u00e4rdes\u00e4tter vi v\u00e5ra kunders \u00e5sikter. Vi tar h\u00e4nsyn till alla \u00e5sikter och vill oms\u00e4tta det i praktiken samt str\u00e4var efter att utveckla v\u00e5ra tj\u00e4nster. Om v\u00e5ra tj\u00e4nster blir o\u00f6nskade eller felaktiga \u00f6nskar vi att ni h\u00f6r av er, s\u00e5 vi kan l\u00f6sa det.<\/p>\n<p>Om du inte \u00e4r n\u00f6jd<br \/>Dina synpunkter \u00e4r viktiga f\u00f6r oss och om vi inte motsvarar dina f\u00f6rv\u00e4ntningar vill vi g\u00e4rna veta det. Detta g\u00f6r du i f\u00f6rsta hand genom att kontakta v\u00e5r kundtj\u00e4nst p\u00e5 telefon 0046735994464 eller sweden@apsinternational.com<\/p>\n<p>Klagom\u00e5lsansvarig p\u00e5 APS<br \/>Om du vill att en \u00f6verordnad instans pr\u00f6var ditt klagom\u00e5l kan du skriva till APS klagom\u00e5lsansvariga p\u00e5 mailadressen klagomal@apsinternational.com och skicka f\u00f6ljande:<br \/>\u25cf Namn och kontaktuppgifter<br \/>\u25cf Tj\u00e4nst\/produkt som ditt klagom\u00e5l avser<br \/>\u25cf Datum d\u00e5 problem har uppkommit<br \/>\u25cfEn beskrivning av problemet\/klagom\u00e5let<br \/>\u25cf Om kompensation \u00f6nskas, vad denna best\u00e5r av. Om ekonomisk kompensation \u00f6nskas b\u00f6r storleken anges och anledningar till detta.<br \/>Vi tar ditt klagom\u00e5l p\u00e5 allvar och utreda d\u00e4rf\u00f6r alltid vad som har h\u00e4nt p\u00e5 ett snabbt och sakligt s\u00e4tt. Senast inom 24 timmar bekr\u00e4ftar vi inkomna klagom\u00e5l. Under utredningen inh\u00e4mtar v\u00e5r Klagom\u00e5lsansvarige n\u00f6dv\u00e4ndig information f\u00f6r att kunna bed\u00f6ma klagom\u00e5let. V\u00e5rt m\u00e5l \u00e4r att handl\u00e4gga hela \u00e4rendet inom sju arbetsdagar. Beroende p\u00e5 vad som h\u00e4nt kan det ta l\u00e4ngre tid och i s\u00e5dant fall kommer du att f\u00e5 skriftlig information om den f\u00f6rv\u00e4ntade tidpunkten f\u00f6r svar. V\u00e5rt besked i \u00e4rendet, med st\u00e4llningstagande och motivering meddelas sedan till den klagande.<br \/>Hj\u00e4lp med ditt klagom\u00e5l utanf\u00f6r APS<br \/>Om du inte \u00e4r n\u00f6jd efter att din r\u00e5dgivare eller Klagom\u00e5lsansvarig pr\u00f6vat ditt klagom\u00e5l kan du v\u00e4nda dig till Allm\u00e4nna Reklamationsn\u00e4mnden (ARN), telefon 08-508 860 00, e-post arn@arn.se, Box 174, 101 23 Stockholm.<br \/>\u00c4ven Konsumenternas Bank- och finansbyr\u00e5, tel 08-22 58 00, l\u00e4mnar avgiftsfri v\u00e4gledning. Ett annat alternativ \u00e4r att v\u00e4nda sig till allm\u00e4n domstol.<br \/>Konsumentverket och Finansinspektionen (tillsynsmyndigheter f\u00f6r betalningsinstitut) tar ocks\u00e5 emot klagom\u00e5l. Ingen av dem tar dock upp enskilda fall, utan vidtar \u00e5tg\u00e4rder f\u00f6rst n\u00e4r de bed\u00f6mer att ett f\u00f6retag f\u00e5tt m\u00e5nga klagom\u00e5l.<\/p>\n<p>1. INFORMATION OM BOLAGET<br \/>APS International AB (559121-0132) (h\u00e4refter \u201dvi\u201d eller \u201dBolaget\u201d) \u00e4r en digital penning\u00f6verf\u00f6ring tj\u00e4nst som m\u00f6jligg\u00f6r f\u00f6r kunder att skicka pengar till n\u00e4ra och k\u00e4ra i Afrika fr\u00e5n dator, surfplatta eller smarttelefon (\u201dTj\u00e4nsten\u201d). Bolaget har identifierat att personer med ursprung i V\u00e4stafrika, Gambia som bor i Europa ofta har ett behov av att skicka pengar till sin sl\u00e4kt och familj i sitt forna hemland. Bolagets aff\u00e4rsid\u00e9 \u00e4r att m\u00f6jligg\u00f6ra f\u00f6r s\u00e5dana personer att enkelt och tryggt skicka pengar till familj och sl\u00e4ktingar som bor kvar i Afrika. Vi erbjuder betaltj\u00e4nsten penning\u00f6verf\u00f6ring och har tillst\u00e5nd som betalningsinstitut fr\u00e5n Finansinspektionen.<br \/>2. INTEGRITETSPOLICY<br \/>Nedan integritetspolicy beskriver hur Bolaget anv\u00e4nder och skyddar all information som Bolaget har om dig n\u00e4r du anv\u00e4nder v\u00e5r webbplats eller p\u00e5 annat s\u00e4tt tillhandah\u00e5ller dina personuppgifter till oss.<\/p>\n<p>Bolaget har \u00e5tagit sig att skydda din integritet. Om vi ber dig att l\u00e4mna uppgifter, genom vilka du kan identifieras n\u00e4r du anv\u00e4nder den tillg\u00e4ngliga Tj\u00e4nsten (enligt definitionen nedan), s\u00e4kerst\u00e4ller Bolaget att informationen bara kommer anv\u00e4ndas i enlighet med integritetspolicyn.<\/p>\n<p>Bolaget kan \u00e4ndra sin integritetspolicy fr\u00e5n tid till annan, t.ex. f\u00f6r att f\u00f6lja g\u00e4llande r\u00e4tt och praxis, varefter en uppdatering av denna sida kommer ske.<\/p>\n<p>2.1 Generell information avseende integritetspolicyn<br \/>I integritetspolicyn \u00e4r termerna, \u201dvi\u201d, \u201dBolaget\u201d, \u201dv\u00e5r\u201d en h\u00e4nvisning till APS International AB, ett svenskt aktiebolag (559121-0132) och med s\u00e4te Fallhammargatan 3 A, 721 33, V\u00e4ster\u00e5s, Sverige.<\/p>\n<p>Bolaget \u00e4r enligt EU:s dataskyddsf\u00f6rordningen personuppgiftsansvarig f\u00f6r kundens personuppgifter och som kund \u00e4r man \u201dregistrerad\u201d. Bolaget best\u00e4mmer f\u00f6r vilka \u00e4ndam\u00e5l dina personuppgifter ska behandlas och hur behandlingen ska g\u00e5 till samtidigt som din integritet ska respekteras.<\/p>\n<p>2.2 Information Bolaget samlar in<br \/>Bolaget kan komma att samla in och behandla f\u00f6ljande personuppgifter om dig:<br \/>&#8211; Information som du ger oss i samband med att du anv\u00e4nder Tj\u00e4nsten, t.ex. ditt namn, adress, f\u00f6delsedatum, personnummer, e-postadress, telefonnummer, bankkontonummer, kredit- eller betalkortsnummer, samt verifikation av din identitet s\u00e5som en kopia av ditt pass, k\u00f6rkort, ID-kort etc.<br \/>&#8211; F\u00f6r att underl\u00e4tta v\u00e5r Tj\u00e4nst beg\u00e4r vi vissa tredjeparts personuppgifter fr\u00e5n dig s\u00e5som mottagarens fullst\u00e4ndiga namn, adress, e-postadress och telefonnummer<br \/>&#8211; Ytterligare information r\u00f6rande kundk\u00e4nnedom (KYC), fr\u00e5n dig eller v\u00e5ra tredjepartsleverant\u00f6rer f\u00f6r att f\u00f6rebygga eller uppt\u00e4cka brottslighet eller f\u00f6r att bek\u00e4mpa bedr\u00e4geri, penningtv\u00e4tt och finansiering av terrorism<br \/>&#8211; Information om hur du anv\u00e4nder Tj\u00e4nsten, t.ex. din transaktionshistorik, p\u00e5 vilket s\u00e4tt du anv\u00e4nder Tj\u00e4nsten f\u00f6r att skicka eller ta emot pengar, och till vem du skickar pengar<br \/>&#8211; Vi kan \u00e4ven komma att samla in information om din enhet f\u00f6r systemadministration, t.ex. IP-adress, operativsystem och webbl\u00e4sare. Detta \u00e4r statistiska uppgifter om v\u00e5ra anv\u00e4ndares transaktions- och bes\u00f6ksm\u00f6nster<\/p>\n<p>Du beh\u00f6ver inte tillhandah\u00e5lla n\u00e5gra av ovanst\u00e5ende uppgifter till oss. Men om du v\u00e4ljer att inte g\u00f6ra det, kommer Bolaget eventuellt inte att kunna tillhandah\u00e5lla Tj\u00e4nsten.<\/p>\n<p>2.3 Vad g\u00f6r Bolaget med informationen?<br \/>Bolaget efterfr\u00e5gar information f\u00f6r att f\u00f6rst\u00e5 dina behov och ge dig en b\u00e4ttre service, med grund i f\u00f6ljande sk\u00e4l:<br \/>&#8211; F\u00f6r att genomf\u00f6ra dina transaktioner<br \/>&#8211; F\u00f6r att verifiera din identitet<br \/>&#8211; F\u00f6r att ta betalt f\u00f6r din anv\u00e4ndning av Tj\u00e4nsten<br \/>&#8211; F\u00f6r att skicka dig och\/eller mottagaren transaktions notiser av din \u00f6verf\u00f6ring<br \/>&#8211; F\u00f6r att ge dig information om Tj\u00e4nsten<br \/>&#8211; F\u00f6r att skicka marknadsf\u00f6ring meddelanden, serviceuppdateringar och kampanjerbjudanden<br \/>&#8211; F\u00f6r att analysera v\u00e5r verksamhet<br \/>&#8211; F\u00f6r att f\u00f6lja g\u00e4llande lagar och regler, s\u00e5som lagar r\u00f6rande kundk\u00e4nnedom (KYC), penningtv\u00e4tt och finansiering av terrorism<br \/>&#8211; <br \/>2.4 R\u00e4ttslig grund f\u00f6r personuppgiftsbehandling<br \/>I allm\u00e4nhet \u00e4r Bolaget skyldig att samla in personuppgifter, t.ex. information r\u00f6rande kundk\u00e4nnedom (KYC), verifikation av din identitet och transaktionsm\u00f6nster samt kommunikation med dig f\u00f6r att uppfylla v\u00e5ra r\u00e4ttsliga f\u00f6rpliktelser.<\/p>\n<p>F\u00f6r att uppfylla Bolagets avtalsr\u00e4ttsliga \u00e5tagande gentemot dig n\u00e4r du anv\u00e4nder Tj\u00e4nsten samlar vi in och behandlar dina personuppgifter och relevant tredjepartsdata f\u00f6r att kunna genomf\u00f6ra dina transaktioner och ta betalt f\u00f6r din anv\u00e4ndning av Tj\u00e4nsten. Detsamma g\u00e4ller n\u00e4r Bolaget genomf\u00f6r t\u00e4vlingar och kampanjer. Bolaget kan d\u00e5 komma att behandla deltagarnas och vinnarnas personuppgifter f\u00f6r att uppfylla v\u00e5ra \u00e5taganden.<\/p>\n<p>S\u00e5 l\u00e4nge du \u00e4r kund hos oss bed\u00f6mer Bolaget att det \u00e4r i ditt intresse att f\u00e5 viss information om Tj\u00e4nsten och vi kan d\u00e4rf\u00f6r komma att skicka dig marknadsf\u00f6ring meddelanden, serviceuppdateringar och kampanjer som vi bed\u00f6mer \u00e4r relevanta f\u00f6r dig baserat p\u00e5 din tidigare anv\u00e4ndning av Tj\u00e4nsten. Av samma anledning kan Bolaget ocks\u00e5 komma att behandla din data f\u00f6r att analysera v\u00e5r verksamhet f\u00f6r att f\u00f6rb\u00e4ttra Tj\u00e4nsten.<\/p>\n<p>I situationer d\u00e4r du ger oss specifikt samtycke till att behandla vissa typer av personuppgifter, kan du n\u00e4r som helst dra tillbaka ditt samtycke. Bolaget kommer att sluta hantera s\u00e5dana uppgifter och om vi inte har n\u00e5gon annan laglig grund f\u00f6r att beh\u00e5lla dina personuppgifter kommer vi ocks\u00e5 att radera dina uppgifter fr\u00e5n v\u00e5rt system.<\/p>\n<p>2.5 Hur l\u00e4nge beh\u00e5ller Bolaget dina personuppgifter?<br \/>Tiden f\u00f6r hur l\u00e4nge Bolaget beh\u00e5ller dina personuppgifter beror p\u00e5 i vilket syfte dina personuppgifter behandlats. Bolaget kommer bara att beh\u00e5lla dina uppgifter s\u00e5 l\u00e4nge som de tj\u00e4nar sitt sk\u00e4l.<\/p>\n<p>I allm\u00e4nhet \u00e4r Bolaget skyldigt att beh\u00e5lla information r\u00f6rande kundk\u00e4nnedom (KYC), i minst fem \u00e5r efter en kunds sista transaktion f\u00f6r att uppfylla v\u00e5ra r\u00e4ttsliga f\u00f6rpliktelser.<\/p>\n<p>Observera att vi kan komma att beh\u00e5lla ovann\u00e4mnda personuppgifter under en l\u00e4ngre tid \u00e4n vad som anges ovan f\u00f6r det fall det kr\u00e4vs enligt lag eller f\u00f6reskrift eller f\u00f6r att skydda Bolagets egendom och r\u00e4ttigheter, eller tj\u00e4nster som tillhandah\u00e5lls av oss eller v\u00e5ra partners.<\/p>\n<p>2.6 Hur vi delar information med andra<br \/>Vi kan komma att dela dina personuppgifter med:<br \/>&#8211; Tredjeparts tj\u00e4nsteleverant\u00f6rer under avtal med Bolaget som hj\u00e4lper oss med v\u00e5r verksamhet, exempelvis f\u00f6r att hantera transaktioner, motverka bedr\u00e4gerier, g\u00f6ra sanktions kontroller och sk\u00f6ta kommunikation, kundsupport och marknadsf\u00f6ring. Dessa tj\u00e4nsteleverant\u00f6rer har endast r\u00e4tt att anv\u00e4nda dina personuppgifter f\u00f6r att tillhandah\u00e5lla dessa tj\u00e4nster till oss.<br \/>&#8211; R\u00e4ttsv\u00e4sendet och statstj\u00e4nstem\u00e4n, men endast i samband med en formell beg\u00e4ran, st\u00e4mning, domstolsbeslut eller liknande r\u00e4ttsligt f\u00f6rfarande, liksom i situationer d\u00e4r vi i god tro anser att det \u00e4r n\u00f6dv\u00e4ndigt att dela uppgifter f\u00f6r att f\u00f6lja lag, rapportera misst\u00e4nkt olaglig verksamhet eller misst\u00e4nkta transaktioner, eller utreda brott mot v\u00e5ra allm\u00e4nna villkor.<br \/>&#8211; F\u00f6r det fall vi st\u00e5r inf\u00f6r en kapitalanskaffning eller en f\u00f6rs\u00e4ljningsprocess r\u00f6rande n\u00e5gra eller alla av v\u00e5ra aktier eller tillg\u00e5ngar, kan vi komma att dela dina personuppgifter till den eventuella k\u00f6paren under sekretess.<br \/>&#8211; Vi kommer inte att s\u00e4lja eller p\u00e5 annat s\u00e4tt \u00f6verf\u00f6ra insamlad information till n\u00e5gon tredje part f\u00f6r marknadsf\u00f6rings\u00e4ndam\u00e5l om vi inte f\u00e5tt ditt specifika tillst\u00e5nd att g\u00f6ra det.<\/p>\n<p>2.7 \u00d6verf\u00f6ring av data utanf\u00f6r Europeiska Ekonomiska samarbetsomr\u00e5det<br \/>Personuppgifter som delas i Tj\u00e4nsten skickas till och lagras p\u00e5 s\u00e4kra servrar som \u00e4gs av, eller drivs f\u00f6r oss, inom Europeiska Ekonomiska Samarbetsomr\u00e5det (EES). S\u00e5dan data kan komma att \u00f6verf\u00f6ras till eller lagras utanf\u00f6r EES och kan ocks\u00e5 komma att behandlas av v\u00e5r personal eller samarbetspartners som arbetar utanf\u00f6r EES. Avsikten med s\u00e5dana \u00f6verf\u00f6ringar \u00e4r att tillhandah\u00e5lla eller f\u00f6rb\u00e4ttra Tj\u00e4nsten, \u00f6ka s\u00e4kerhet eller f\u00f6r att bek\u00e4mpa penningtv\u00e4tt, finansiering av terrorism eller bedr\u00e4gerier.<\/p>\n<p>Om mottagaren befinner sig utanf\u00f6r EES kommer bolaget att se till att den tillhandah\u00e5ller en l\u00e4mplig skyddsniv\u00e5 f\u00f6r dina personuppgifter eller att \u00f6verf\u00f6ringen i \u00f6vrigt \u00e4r till\u00e5ten enligt g\u00e4llande lagar om dataskydd, t.ex. genom att anv\u00e4nda standardavtalsklausuler som godk\u00e4nts av EU-kommissionen, genom att f\u00f6rlita oss p\u00e5 beslut av EU-kommissionen att landet ifr\u00e5ga s\u00e4kerst\u00e4ller en l\u00e4mplig skyddsniv\u00e5 eller andra r\u00e4ttsliga grunder i enlighet med g\u00e4llande lag.<\/p>\n<p>2.8 Dina r\u00e4ttigheter avseende dina personuppgifter<br \/>EU:s dataskyddsf\u00f6rordning ger dig vissa r\u00e4ttigheter avseende dina personuppgifter i enlighet med nedan:<br \/>&#8211; R\u00e4tt att f\u00e5 information om hur vi behandlar dina personuppgifter<br \/>&#8211; R\u00e4tt till r\u00e4ttelse, justering och uppdatering av dina personuppgifter om n\u00e5got \u00e4r fel eller har \u00e4ndrats<br \/>&#8211; R\u00e4tt om att be oss att radera dina personuppgifter fr\u00e5n v\u00e5ra register<br \/>&#8211; R\u00e4tt att be oss att sluta behandla dina personuppgifter<br \/>&#8211; R\u00e4tt att inv\u00e4nda mot behandlingen av dina personuppgifter, f\u00f6r det fall du anser att v\u00e5r intresseavv\u00e4gning inkr\u00e4ktar p\u00e5 dina r\u00e4ttigheter<br \/>&#8211; R\u00e4tt att f\u00e5 tillg\u00e5ng till och erh\u00e5lla dina personuppgifter som du sj\u00e4lv delat med oss i ett vanligt, strukturerat och maskinl\u00e4sbart format och att anv\u00e4nda denna data hos en annan personuppgiftsansvarig<br \/>&#8211; R\u00e4tt att inte bli f\u00f6rem\u00e5l f\u00f6r ett beslut som enbart \u00e4r grundat p\u00e5 n\u00e5gon form av automatiserat beslutsfattande<br \/>&#8211; <br \/>Du \u00e4r v\u00e4lkommen att kontakta oss avseende dina r\u00e4ttigheter. Notera att det finns undantag n\u00e4r dessa r\u00e4ttigheter kan \u00e5sidos\u00e4ttas p\u00e5 grund av tvingande lagar eller andra krav som \u00e4r till\u00e4mpliga p\u00e5 auktoriserade betalningsinstitut som Bolaget, exempelvis \u00e4r det v\u00e5r arkiveringsskyldighet som enligt lag \u00e5sidos\u00e4tter r\u00e4tten till radering.<\/p>\n<p>2.9 S\u00e4kerhet<br \/>S\u00e4kerheten f\u00f6r dina personuppgifter \u00e4r viktig f\u00f6r oss. N\u00e4r du delar finansiell information (s\u00e5som kredit\/bankkort och bankinformation) i Tj\u00e4nsten, krypterar vi \u00f6verf\u00f6ringen av uppgifterna med hj\u00e4lp av [namn]. Vi anv\u00e4nder [namn] s\u00e5 att all information som skickas fr\u00e5n eller till din webbl\u00e4sare och v\u00e5r Tj\u00e4nst f\u00f6rblir privat och s\u00e4ker.<\/p>\n<p>Bolaget har inf\u00f6rt tekniska och organisatoriska \u00e5tg\u00e4rder f\u00f6r att s\u00e4kerst\u00e4lla en l\u00e4mplig skyddsniv\u00e5 f\u00f6r de personuppgifter som behandlas av oss. \u00c5tg\u00e4rderna s\u00e4kerst\u00e4ller att personuppgifterna behandlas konfidentiellt, \u00e4r tillg\u00e4ngliga i den utstr\u00e4ckning de beh\u00f6vs i verksamheten samt att informationsinneh\u00e5llet \u00e4r riktigt. Samtliga \u00e5tg\u00e4rder \u00e4r utformade med beaktande av de krav som f\u00f6ljer av EU:s dataskyddsf\u00f6rordning och lag (2010:751) om betaltj\u00e4nster.<\/p>\n<p>2.10 Anv\u00e4ndning av cookies<br \/>Genom att anv\u00e4nda Tj\u00e4nsten samtycker du till v\u00e5r anv\u00e4ndning av cookies.<br \/>Cookies \u00e4r sm\u00e5 textfiler som lagras i din dator eller telefon f\u00f6r att identifiera din webbl\u00e4sare eller f\u00f6r att lagra information eller inst\u00e4llningar i din webbl\u00e4sare. Vi anv\u00e4nder cookies f\u00f6r att identifiera och analysera tidigare sidor som en anv\u00e4ndare har varit p\u00e5, vilket hj\u00e4lper oss att f\u00f6rb\u00e4ttra och skr\u00e4ddarsy v\u00e5r Tj\u00e4nst till anv\u00e4ndaren. Informationen anv\u00e4nds f\u00f6r att f\u00f6rb\u00e4ttra anv\u00e4ndarupplevelsen samt f\u00f6r marknadsf\u00f6ring och statistik\u00e4ndam\u00e5l.<\/p>\n<p>Cookies kommer aldrig ge oss tillg\u00e5ng till din dator eller information om dig, f\u00f6rutom den information som du v\u00e4ljer att dela med oss. Du kan v\u00e4lja att acceptera eller avvisa cookies. Om du inte l\u00e4ngre vill acceptera anv\u00e4ndningen av cookies, kan du \u00e4ndra det i inst\u00e4llningarna p\u00e5 din webbl\u00e4sare. D\u00e4r kan du \u00e4ven v\u00e4lja att radera permanenta cookies som har lagrats p\u00e5 din h\u00e5rddisk. Om du avvisar cookies kan det inneb\u00e4ra att du inte kan ta del av Tj\u00e4nsten s\u00e5som den var t\u00e4nkt att upplevas.<\/p>\n<p>2.11 Andra webbplatser<br \/>Tj\u00e4nsten inneh\u00e5ller l\u00e4nkar till andra webbplatser. Bolaget \u00e4r inte ansvariga f\u00f6r integritetsskydd eller inneh\u00e5ll i dessa webbplatser. Vi uppmanar dig att bekanta dig med dessa webbplatsers integritetsskydd innan du delar dina personuppgifter med dem.<\/p>\n<p>2.12 Kontakt<br \/>Om du har n\u00e5gra fr\u00e5gor eller kommentarer r\u00f6rande denna integritetspolicy eller behandlingen av dina personuppgifter kontakta oss genom att skicka ett e-post till f\u00f6ljande adress: sweden@apsinternational.com<br \/>Om du anser att vi inte har behandlat din fr\u00e5ga p\u00e5 ett l\u00e4mpligt s\u00e4tt kan du framst\u00e4lla ett klagom\u00e5l hos IMY, du kan komma \u00e5t deras uppgifter via l\u00e4nken: https:\/\/www.imy.se.<\/p>\n\t\t\t\t\t\t\t\t<\/div>\n\t\t\t\t<\/div>\n\t\t\t\t\t<\/div>\n\t\t<\/div>\n\t\t\t\t\t<\/div>\n\t\t<\/section>\n\t\t\t\t<\/div>\n\t\t","protected":false},"excerpt":{"rendered":"<p>APS International AB APS International AB, ett svenskt aktiebolag (559121-0132) KLAGOM\u00c5LSHANTERINGP\u00e5 Bolaget v\u00e4rdes\u00e4tter vi v\u00e5ra kunders \u00e5sikter. Vi tar h\u00e4nsyn till alla \u00e5sikter och vill oms\u00e4tta det i praktiken samt str\u00e4var efter att utveckla v\u00e5ra tj\u00e4nster. Om v\u00e5ra tj\u00e4nster blir o\u00f6nskade eller felaktiga \u00f6nskar vi att ni h\u00f6r av er, s\u00e5 vi kan l\u00f6sa det. [&hellip;]<\/p>\n","protected":false},"author":1,"featured_media":0,"parent":0,"menu_order":0,"comment_status":"closed","ping_status":"closed","template":"elementor_header_footer","meta":{"_acf_changed":false,"inline_featured_image":false,"footnotes":""},"class_list":["post-5013","page","type-page","status-publish","hentry"],"acf":[],"_links":{"self":[{"href":"https:\/\/apsinternational.com\/sv\/wp-json\/wp\/v2\/pages\/5013","targetHints":{"allow":["GET"]}}],"collection":[{"href":"https:\/\/apsinternational.com\/sv\/wp-json\/wp\/v2\/pages"}],"about":[{"href":"https:\/\/apsinternational.com\/sv\/wp-json\/wp\/v2\/types\/page"}],"author":[{"embeddable":true,"href":"https:\/\/apsinternational.com\/sv\/wp-json\/wp\/v2\/users\/1"}],"replies":[{"embeddable":true,"href":"https:\/\/apsinternational.com\/sv\/wp-json\/wp\/v2\/comments?post=5013"}],"version-history":[{"count":1,"href":"https:\/\/apsinternational.com\/sv\/wp-json\/wp\/v2\/pages\/5013\/revisions"}],"predecessor-version":[{"id":5014,"href":"https:\/\/apsinternational.com\/sv\/wp-json\/wp\/v2\/pages\/5013\/revisions\/5014"}],"wp:attachment":[{"href":"https:\/\/apsinternational.com\/sv\/wp-json\/wp\/v2\/media?parent=5013"}],"curies":[{"name":"wp","href":"https:\/\/api.w.org\/{rel}","templated":true}]}}