
{"id":5017,"date":"2022-05-23T13:50:45","date_gmt":"2022-05-23T13:50:45","guid":{"rendered":"https:\/\/apsinternational.com\/complaints-policy\/"},"modified":"2024-01-15T11:19:16","modified_gmt":"2024-01-15T11:19:16","slug":"complaints-policy","status":"publish","type":"page","link":"https:\/\/apsinternational.com\/sv\/complaints-policy\/","title":{"rendered":"APS Klagom\u00e5lspolicy"},"content":{"rendered":"\t\t<div data-elementor-type=\"wp-page\" data-elementor-id=\"5017\" class=\"elementor elementor-5017 elementor-4214\" data-elementor-post-type=\"page\">\n\t\t\t\t\t\t<section class=\"has_eae_slider elementor-section elementor-top-section elementor-element elementor-element-93240bf elementor-section-content-middle elementor-section-boxed elementor-section-height-default elementor-section-height-default\" data-eae-slider=\"79864\" data-id=\"93240bf\" data-element_type=\"section\" data-e-type=\"section\">\n\t\t\t\t\t\t<div class=\"elementor-container elementor-column-gap-no\">\n\t\t\t\t\t<div class=\"has_eae_slider elementor-column elementor-col-100 elementor-top-column elementor-element elementor-element-1ea7d56\" data-eae-slider=\"63659\" data-id=\"1ea7d56\" data-element_type=\"column\" data-e-type=\"column\">\n\t\t\t<div class=\"elementor-widget-wrap elementor-element-populated\">\n\t\t\t\t\t\t<div class=\"elementor-element elementor-element-b0edc67 elementor-widget elementor-widget-heading\" data-id=\"b0edc67\" data-element_type=\"widget\" data-e-type=\"widget\" data-widget_type=\"heading.default\">\n\t\t\t\t<div class=\"elementor-widget-container\">\n\t\t\t\t\t<h1 class=\"elementor-heading-title elementor-size-default\">APS Klagom\u00e5lspolicy<\/h1>\t\t\t\t<\/div>\n\t\t\t\t<\/div>\n\t\t\t\t<div class=\"elementor-element elementor-element-2070d94 elementor-widget elementor-widget-text-editor\" data-id=\"2070d94\" data-element_type=\"widget\" data-e-type=\"widget\" data-widget_type=\"text-editor.default\">\n\t\t\t\t<div class=\"elementor-widget-container\">\n\t\t\t\t\t\t\t\t\t<p>V\u00e5rt f\u00f6retag har \u00e5tagit sig att leverera en effektiv och professionell service. Vi str\u00e4var efter att ge snabba, artiga, hj\u00e4lpsamma, \u00f6ppna och informativa r\u00e5d som svar p\u00e5 varje tillv\u00e4gag\u00e5ngss\u00e4tt fr\u00e5n en medlem av allm\u00e4nheten. Vi \u00e4r alltid angel\u00e4gna om att h\u00f6ra synpunkter fr\u00e5n v\u00e5ra kunder, s\u00e4rskilt allm\u00e4nheten, om v\u00e5r prestation generellt \u2013 vad vi g\u00f6r r\u00e4tt och vad vi g\u00f6r fel.<\/p>\n<p>D\u00e5 och d\u00e5 kan det g\u00e5 fel, och vi kan misslyckas med att tillhandah\u00e5lla de servicestandarder som vi sj\u00e4lva har satt upp. S\u00e5dana fall som rapporterats till oss av kunder ger oss en m\u00f6jlighet att r\u00e4tta till saker och ting och att l\u00e4ra av v\u00e5ra misstag.<\/p>\n<p>Klaga<br \/>\nDu kan framf\u00f6ra ett klagom\u00e5l skriftligen via brev, fax, e-post eller telefon. Vi kr\u00e4ver att kunder som skickar klagom\u00e5l via e-post l\u00e4mnar antingen en beg\u00e4ran om ett e-postsvar eller tillhandah\u00e5ller ett telefonnummer eller fullst\u00e4ndig postadress.<br \/>\nBeroende p\u00e5 typen eller kategorin av ditt klagom\u00e5l kan det r\u00e4cka med att h\u00e4nvisas till den anst\u00e4lld som du har vidarebefordrat ditt klagom\u00e5l till. I annat fall kommer den utsedda klagom\u00e5lshandl\u00e4ggaren att avg\u00f6ra vilken kategori ditt klagom\u00e5l faller i som ska behandlas av de r\u00e4ttm\u00e4tiga personerna.<\/p>\n<p>Om du fortfarande \u00e4r missn\u00f6jd med ditt klagom\u00e5l kan du eventuellt h\u00e4nskjuta ditt klagom\u00e5l till Financial Ombudsman Service (FOS).<\/p>\n\t\t\t\t\t\t\t\t<\/div>\n\t\t\t\t<\/div>\n\t\t\t\t<div class=\"elementor-element elementor-element-0954703 elementor-widget elementor-widget-text-editor\" data-id=\"0954703\" data-element_type=\"widget\" data-e-type=\"widget\" data-widget_type=\"text-editor.default\">\n\t\t\t\t<div class=\"elementor-widget-container\">\n\t\t\t\t\t\t\t\t\t<table>\n<tbody>\n<tr>\n<td>\n<p><b>COUNTRY<\/b><\/p>\n<\/td>\n<td>\n<p><b>GENERAL COMPLAINTS BOARD WEBSITE\u00a0<\/b><\/p>\n<\/td>\n<td>\n<p><b>PHONE NUMBER<\/b><\/p>\n<\/td>\n<\/tr>\n<tr>\n<td>\n<p><span style=\"font-weight: 400;\">Austria<\/span><\/p>\n<\/td>\n<td>\n<p><a href=\"http:\/\/www.sozialministerium.at\/\" target=\"_blank\" rel=\"noopener\"><span style=\"font-weight: 400;\">www.sozialministerium.at<\/span><\/a><\/p>\n<\/td>\n<td>\n<p><span style=\"font-weight: 400;\">+43 1 71100 \u2013 0<\/span><\/p>\n<\/td>\n<\/tr>\n<tr>\n<td>\n<p><span style=\"font-weight: 400;\">\u00a0<\/span><\/p>\n<\/td>\n<td>\n<p><span style=\"font-weight: 400;\">www.verbraucherschlichtung.at<\/span><\/p>\n<\/td>\n<td>\n<p><span style=\"font-weight: 400;\">+43 (0)1 890 63 11<\/span><\/p>\n<\/td>\n<\/tr>\n<tr>\n<td>\n<p><span style=\"font-weight: 400;\">Belgium<\/span><\/p>\n<\/td>\n<td>\n<p><a href=\"http:\/\/www.beuc.eu\/\" target=\"_blank\" rel=\"noopener\"><span style=\"font-weight: 400;\">www.beuc.eu<\/span><\/a><\/p>\n<\/td>\n<td>\n<p><span style=\"font-weight: 400;\">+32 2 743 15 90<\/span><\/p>\n<\/td>\n<\/tr>\n<tr>\n<td>\n<p><span style=\"font-weight: 400;\">\u00a0<\/span><\/p>\n<\/td>\n<td>\n<p><a href=\"http:\/\/www.eccbelgium.be\/\" target=\"_blank\" rel=\"noopener\"><span style=\"font-weight: 400;\">www.eccbelgium.be<\/span><\/a><\/p>\n<\/td>\n<td>\n<p><span style=\"font-weight: 400;\">+32 2 542 33 46<\/span><\/p>\n<\/td>\n<\/tr>\n<tr>\n<td>\n<p><span style=\"font-weight: 400;\">Cyprus<\/span><\/p>\n<\/td>\n<td>\n<p><a href=\"http:\/\/www.consumer.gov.cy\/\" target=\"_blank\" rel=\"noopener\"><span style=\"font-weight: 400;\">http:\/\/www.consumer.gov.cy\/<\/span><\/a><\/p>\n<\/td>\n<td>\n<p><span style=\"font-weight: 400;\">1429<\/span><\/p>\n<\/td>\n<\/tr>\n<tr>\n<td>\n<p><span style=\"font-weight: 400;\">Denmark<\/span><\/p>\n<\/td>\n<td>\n<p><a href=\"http:\/\/www.en.kfst.dk\/\" target=\"_blank\" rel=\"noopener\"><span style=\"font-weight: 400;\">www.en.kfst.dk<\/span><\/a><\/p>\n<\/td>\n<td>\n<p><span style=\"font-weight: 400;\">+4541 71 50 00<\/span><\/p>\n<\/td>\n<\/tr>\n<tr>\n<td>\n<p><span style=\"font-weight: 400;\">Finland<\/span><\/p>\n<\/td>\n<td>\n<p><a href=\"http:\/\/www.suomi.fi\/\" target=\"_blank\" rel=\"noopener\"><span style=\"font-weight: 400;\">www.suomi.fi<\/span><\/a><\/p>\n<\/td>\n<td>\n<p><span style=\"font-weight: 400;\">0295 000<\/span><\/p>\n<\/td>\n<\/tr>\n<tr>\n<td>\n<p><span style=\"font-weight: 400;\">France<\/span><\/p>\n<\/td>\n<td>\n<p><span style=\"font-weight: 400;\">www.economie.gouv.fr<\/span><\/p>\n<\/td>\n<td>\n<p><span style=\"font-weight: 400;\">0820 200 999<\/span><\/p>\n<\/td>\n<\/tr>\n<tr>\n<td>\n<p><span style=\"font-weight: 400;\">Germany<\/span><\/p>\n<\/td>\n<td>\n<p><a href=\"http:\/\/www.bundeskartellamt.de\/\" target=\"_blank\" rel=\"noopener\"><span style=\"font-weight: 400;\">www.bundeskartellamt.de<\/span><\/a><\/p>\n<\/td>\n<td>\n<p><span style=\"font-weight: 400;\">0228 9499-555<\/span><\/p>\n<\/td>\n<\/tr>\n<tr>\n<td>\n<p><span style=\"font-weight: 400;\">Greece<\/span><\/p>\n<\/td>\n<td>\n<p><a href=\"http:\/\/www.inka.gr\/\" target=\"_blank\" rel=\"noopener\"><span style=\"font-weight: 400;\">www.inka.gr<\/span><\/a><\/p>\n<\/td>\n<td>\n<p><span style=\"font-weight: 400;\">11721 or 2103632443<\/span><\/p>\n<\/td>\n<\/tr>\n<tr>\n<td>\n<p><span style=\"font-weight: 400;\">Ireland<\/span><\/p>\n<\/td>\n<td>\n<p><a href=\"http:\/\/www.ccpc.ie\/\" target=\"_blank\" rel=\"noopener\"><span style=\"font-weight: 400;\">www.ccpc.ie<\/span><\/a><\/p>\n<\/td>\n<td>\n<p><span style=\"font-weight: 400;\">01 402 5555<\/span><\/p>\n<\/td>\n<\/tr>\n<tr>\n<td>\n<p><span style=\"font-weight: 400;\">Italy<\/span><\/p>\n<\/td>\n<td>\n<p><a href=\"http:\/\/www.consumatori.it\/\" target=\"_blank\" rel=\"noopener\"><span style=\"font-weight: 400;\">www.consumatori.it<\/span><\/a><\/p>\n<\/td>\n<td>\n<p><span style=\"font-weight: 400;\">06 \/ 32600239<\/span><\/p>\n<\/td>\n<\/tr>\n<tr>\n<td>\n<p><span style=\"font-weight: 400;\">Malta<\/span><\/p>\n<\/td>\n<td>\n<p><a href=\"http:\/\/www.mccaa.org.mt\/\" target=\"_blank\" rel=\"noopener\"><span style=\"font-weight: 400;\">www.mccaa.org.mt<\/span><\/a><\/p>\n<\/td>\n<td>\n<p><span style=\"font-weight: 400;\">+356 2395 2000<\/span><\/p>\n<\/td>\n<\/tr>\n<tr>\n<td>\n<p><span style=\"font-weight: 400;\">\u00a0<\/span><\/p>\n<\/td>\n<td>\n<p><span style=\"font-weight: 400;\">tourism.gov.mt<\/span><\/p>\n<\/td>\n<td>\n<p><span style=\"font-weight: 400;\">2124 8881\/2124 6982<\/span><\/p>\n<\/td>\n<\/tr>\n<tr>\n<td>\n<p><span style=\"font-weight: 400;\">Netherlands<\/span><\/p>\n<\/td>\n<td>\n<p><a href=\"http:\/\/www.kifid.nl\/\" target=\"_blank\" rel=\"noopener\"><span style=\"font-weight: 400;\">www.kifid.nl<\/span><\/a><\/p>\n<\/td>\n<td>\n<p><span style=\"font-weight: 400;\">070 &#8211; 333 8 999<\/span><\/p>\n<\/td>\n<\/tr>\n<tr>\n<td>\n<p><span style=\"font-weight: 400;\">\u00a0<\/span><\/p>\n<\/td>\n<td>\n<p><span style=\"font-weight: 400;\">www.degeschillencommissie.nl<\/span><\/p>\n<\/td>\n<td>\n<p><span style=\"font-weight: 400;\">070-3105310<\/span><\/p>\n<\/td>\n<\/tr>\n<tr>\n<td>\n<p><span style=\"font-weight: 400;\">Norway<\/span><\/p>\n<\/td>\n<td>\n<p><a href=\"http:\/\/www.finkn.no\/?id=1\" target=\"_blank\" rel=\"noopener\"><span style=\"font-weight: 400;\">www.finkn.no\/?id=1<\/span><\/a><\/p>\n<\/td>\n<td>\n<p><span style=\"font-weight: 400;\">23 13 19 60<\/span><\/p>\n<\/td>\n<\/tr>\n<tr>\n<td>\n<p><span style=\"font-weight: 400;\">\u00a0<\/span><\/p>\n<\/td>\n<td>\n<p><span style=\"font-weight: 400;\">www.forbrukerradet.no<\/span><\/p>\n<\/td>\n<td>\n<p><span style=\"font-weight: 400;\">23 400 500<\/span><\/p>\n<\/td>\n<\/tr>\n<tr>\n<td>\n<p><span style=\"font-weight: 400;\">Poland<\/span><\/p>\n<\/td>\n<td>\n<p><a href=\"http:\/\/www.uokik.gov.pl\/\" target=\"_blank\" rel=\"noopener\"><span style=\"font-weight: 400;\">www.uokik.gov.pl<\/span><\/a><\/p>\n<\/td>\n<td>\n<p><span style=\"font-weight: 400;\">22 55 60 800<\/span><\/p>\n<\/td>\n<\/tr>\n<tr>\n<td>\n<p><span style=\"font-weight: 400;\">\u00a0<\/span><\/p>\n<\/td>\n<td>\n<p><a href=\"http:\/\/www.konsument.gov.pl\/\" target=\"_blank\" rel=\"noopener\"><span style=\"font-weight: 400;\">www.konsument.gov.pl<\/span><\/a><\/p>\n<\/td>\n<td>\n<p><span style=\"font-weight: 400;\">22\u00a055\u00a060\u00a0600<\/span><\/p>\n<\/td>\n<\/tr>\n<tr>\n<td>\n<p><span style=\"font-weight: 400;\">Portugal<\/span><\/p>\n<\/td>\n<td>\n<p><a href=\"http:\/\/www.eportugal.gov.pt\/\" target=\"_blank\" rel=\"noopener\"><span style=\"font-weight: 400;\">www.eportugal.gov.pt<\/span><\/a><\/p>\n<\/td>\n<td>\n<p><span style=\"font-weight: 400;\">300 003 990\u00a0or\u00a0210 489 010<\/span><\/p>\n<\/td>\n<\/tr>\n<tr>\n<td>\n<p><span style=\"font-weight: 400;\">Romania<\/span><\/p>\n<\/td>\n<td>\n<p><a href=\"http:\/\/www.romania2019.eu\/\" target=\"_blank\" rel=\"noopener\"><span style=\"font-weight: 400;\">www.romania2019.eu<\/span><\/a><\/p>\n<\/td>\n<td>\n<p><span style=\"font-weight: 400;\">+4021.312.12.75<\/span><\/p>\n<\/td>\n<\/tr>\n<tr>\n<td>\n<p><span style=\"font-weight: 400;\">\u00a0<\/span><\/p>\n<\/td>\n<td>\n<p><a href=\"http:\/\/www.ec.europa.eu\/\" target=\"_blank\" rel=\"noopener\"><span style=\"font-weight: 400;\">www.ec.europa.eu<\/span><\/a><\/p>\n<\/td>\n<td>\n<p><span style=\"font-weight: 400;\">+32 2 299 11 11<\/span><\/p>\n<\/td>\n<\/tr>\n<tr>\n<td>\n<p><span style=\"font-weight: 400;\">Spain<\/span><\/p>\n<\/td>\n<td>\n<p><a href=\"http:\/\/www.consumoresponde.es\/\" target=\"_blank\" rel=\"noopener\"><span style=\"font-weight: 400;\">www.consumoresponde.es<\/span><\/a><\/p>\n<\/td>\n<td>\n<p><span style=\"font-weight: 400;\">900 215 080<\/span><\/p>\n<\/td>\n<\/tr>\n<tr>\n<td>\n<p><span style=\"font-weight: 400;\">Sweden<\/span><\/p>\n<\/td>\n<td>\n<p><a href=\"mailto:arn@arn.se\"><span style=\"font-weight: 400;\">arn@arn.se<\/span><\/a><\/p>\n<\/td>\n<td>\n<p><span style=\"font-weight: 400;\">0 8 508 860 00<\/span><\/p>\n<\/td>\n<\/tr>\n<tr>\n<td>\n<p><span style=\"font-weight: 400;\">\u00a0<\/span><\/p>\n<\/td>\n<td>\n<p><a href=\"http:\/\/www.konsumentverket.se\/\" target=\"_blank\" rel=\"noopener\"><span style=\"font-weight: 400;\">www.konsumentverket.se<\/span><\/a><\/p>\n<\/td>\n<td>\n<p><span style=\"font-weight: 400;\">0771\u201342 33 00<\/span><\/p>\n<\/td>\n<\/tr>\n<tr>\n<td>\u00a0<\/td>\n<td>\u00a0<\/td>\n<td>\u00a0<\/td>\n<\/tr>\n<\/tbody>\n<\/table>\n\t\t\t\t\t\t\t\t<\/div>\n\t\t\t\t<\/div>\n\t\t\t\t\t<\/div>\n\t\t<\/div>\n\t\t\t\t\t<\/div>\n\t\t<\/section>\n\t\t\t\t<\/div>\n\t\t","protected":false},"excerpt":{"rendered":"<p>APS Klagom\u00e5lspolicy V\u00e5rt f\u00f6retag har \u00e5tagit sig att leverera en effektiv och professionell service. Vi str\u00e4var efter att ge snabba, artiga, hj\u00e4lpsamma, \u00f6ppna och informativa r\u00e5d som svar p\u00e5 varje tillv\u00e4gag\u00e5ngss\u00e4tt fr\u00e5n en medlem av allm\u00e4nheten. Vi \u00e4r alltid angel\u00e4gna om att h\u00f6ra synpunkter fr\u00e5n v\u00e5ra kunder, s\u00e4rskilt allm\u00e4nheten, om v\u00e5r prestation generellt \u2013 vad [&hellip;]<\/p>\n","protected":false},"author":1,"featured_media":0,"parent":0,"menu_order":0,"comment_status":"closed","ping_status":"closed","template":"elementor_header_footer","meta":{"_acf_changed":false,"inline_featured_image":false,"footnotes":""},"class_list":["post-5017","page","type-page","status-publish","hentry"],"acf":[],"_links":{"self":[{"href":"https:\/\/apsinternational.com\/sv\/wp-json\/wp\/v2\/pages\/5017","targetHints":{"allow":["GET"]}}],"collection":[{"href":"https:\/\/apsinternational.com\/sv\/wp-json\/wp\/v2\/pages"}],"about":[{"href":"https:\/\/apsinternational.com\/sv\/wp-json\/wp\/v2\/types\/page"}],"author":[{"embeddable":true,"href":"https:\/\/apsinternational.com\/sv\/wp-json\/wp\/v2\/users\/1"}],"replies":[{"embeddable":true,"href":"https:\/\/apsinternational.com\/sv\/wp-json\/wp\/v2\/comments?post=5017"}],"version-history":[{"count":3,"href":"https:\/\/apsinternational.com\/sv\/wp-json\/wp\/v2\/pages\/5017\/revisions"}],"predecessor-version":[{"id":5703,"href":"https:\/\/apsinternational.com\/sv\/wp-json\/wp\/v2\/pages\/5017\/revisions\/5703"}],"wp:attachment":[{"href":"https:\/\/apsinternational.com\/sv\/wp-json\/wp\/v2\/media?parent=5017"}],"curies":[{"name":"wp","href":"https:\/\/api.w.org\/{rel}","templated":true}]}}